{"id":1053,"date":"2025-10-17T01:02:04","date_gmt":"2025-10-16T23:02:04","guid":{"rendered":"https:\/\/massages-girard.fr\/?page_id=1053"},"modified":"2025-10-17T01:06:14","modified_gmt":"2025-10-16T23:06:14","slug":"drainage-lymphatique","status":"publish","type":"page","link":"https:\/\/massages-girard.fr\/en\/drainage-lymphatique\/","title":{"rendered":"Drainage Lymphatique"},"content":{"rendered":"<figure class=\"wp-block-image size-large\"><img data-recalc-dims=\"1\" loading=\"lazy\" decoding=\"async\" width=\"580\" height=\"725\" src=\"https:\/\/i0.wp.com\/massages-girard.fr\/wp-content\/uploads\/2025\/10\/2025-Drainage-Lymphatique-819x1024.png?resize=580%2C725&#038;ssl=1\" alt=\"\" class=\"wp-image-1054\" srcset=\"https:\/\/i0.wp.com\/massages-girard.fr\/wp-content\/uploads\/2025\/10\/2025-Drainage-Lymphatique.png?resize=819%2C1024&amp;ssl=1 819w, https:\/\/i0.wp.com\/massages-girard.fr\/wp-content\/uploads\/2025\/10\/2025-Drainage-Lymphatique.png?resize=240%2C300&amp;ssl=1 240w, https:\/\/i0.wp.com\/massages-girard.fr\/wp-content\/uploads\/2025\/10\/2025-Drainage-Lymphatique.png?resize=768%2C960&amp;ssl=1 768w, https:\/\/i0.wp.com\/massages-girard.fr\/wp-content\/uploads\/2025\/10\/2025-Drainage-Lymphatique.png?resize=10%2C12&amp;ssl=1 10w, https:\/\/i0.wp.com\/massages-girard.fr\/wp-content\/uploads\/2025\/10\/2025-Drainage-Lymphatique.png?resize=600%2C750&amp;ssl=1 600w, https:\/\/i0.wp.com\/massages-girard.fr\/wp-content\/uploads\/2025\/10\/2025-Drainage-Lymphatique.png?w=1080&amp;ssl=1 1080w\" sizes=\"auto, (max-width: 580px) 100vw, 580px\" \/><\/figure>\n\n\n\n<p>Le drainage lymphatique est une technique de massage douce et rythm\u00e9e qui stimule la circulation de la lymphe afin de favoriser l\u2019\u00e9limination des toxines et la r\u00e9duction des gonflements.<br>Il aide \u00e0 d\u00e9toxifier l\u2019organisme, am\u00e9liore le confort circulatoire, all\u00e8ge les jambes et procure une agr\u00e9able sensation de l\u00e9g\u00e8ret\u00e9 et de d\u00e9tente.<\/p>\n\n\n\n<p>Plusieurs formules disponibles : <\/p>\n\n\n\n<ul class=\"wp-block-list\">\n<li>cures<\/li>\n\n\n\n<li>entretien \u00e0 l&rsquo;ann\u00e9e<\/li>\n\n\n\n<li>s\u00e9ance ponctuelle<\/li>\n<\/ul>","protected":false},"excerpt":{"rendered":"<p>Le drainage lymphatique est une technique de massage douce et rythm\u00e9e qui stimule la circulation de la lymphe afin de favoriser l\u2019\u00e9limination des toxines et la r\u00e9duction des gonflements.Il aide \u00e0 d\u00e9toxifier l\u2019organisme, am\u00e9liore le confort circulatoire, all\u00e8ge les jambes et procure une agr\u00e9able sensation de l\u00e9g\u00e8ret\u00e9 et de d\u00e9tente. Plusieurs formules disponibles :<\/p>","protected":false},"author":1,"featured_media":0,"parent":0,"menu_order":0,"comment_status":"closed","ping_status":"closed","template":"","meta":{"_monsterinsights_skip_tracking":false,"_monsterinsights_sitenote_active":false,"_monsterinsights_sitenote_note":"","_monsterinsights_sitenote_category":0,"footnotes":""},"class_list":["post-1053","page","type-page","status-publish","hentry"],"jetpack-related-posts":[{"id":238,"url":"https:\/\/massages-girard.fr\/en\/massages\/massage-indien-ayurvedique-abhyanga\/","url_meta":{"origin":1053,"position":0},"title":"Massage Indien Ayurv\u00e9dique Abhyanga","author":"admin7613","date":"30 January 2022","format":false,"excerpt":"Originaire du Sud de l'Inde, ce massage enveloppant est issu de l'Ayurveda : la m\u00e9decine traditionnelle indienne. Abhyanga peut se traduire par \"massage \u00e0 l'huile\".Ce massage permet de se recentrer, d'activer la circulation de l'\u00e9nergie, de conscientiser les diff\u00e9rentes parties du corps et renforcer le lien corps-esprit. Il est caract\u00e9ris\u00e9\u2026","rel":"","context":"Similar post","block_context":{"text":"Similar post","link":""},"img":{"alt_text":"","src":"https:\/\/i0.wp.com\/massages-girard.fr\/wp-content\/uploads\/2022\/01\/DSC_0352c-800x515-1.jpg?resize=350%2C200&ssl=1","width":350,"height":200,"srcset":"https:\/\/i0.wp.com\/massages-girard.fr\/wp-content\/uploads\/2022\/01\/DSC_0352c-800x515-1.jpg?resize=350%2C200&ssl=1 1x, https:\/\/i0.wp.com\/massages-girard.fr\/wp-content\/uploads\/2022\/01\/DSC_0352c-800x515-1.jpg?resize=525%2C300&ssl=1 1.5x, https:\/\/i0.wp.com\/massages-girard.fr\/wp-content\/uploads\/2022\/01\/DSC_0352c-800x515-1.jpg?resize=700%2C400&ssl=1 2x"},"classes":[]},{"id":1034,"url":"https:\/\/massages-girard.fr\/en\/escapade-detente\/","url_meta":{"origin":1053,"position":1},"title":"Escapade d\u00e9tente","author":"admin7613","date":"17 July 2025","format":false,"excerpt":"\ud83d\udd0a Activer le son Massage duo : un moment \u00e0 deux, hors du temps Envie d\u2019un instant de bien-\u00eatre \u00e0 partager ?Offrez-vous une parenth\u00e8se pr\u00e9cieuse \u00e0 deux, dans une atmosph\u00e8re chaleureuse et professionnelle. En couple, entre amis, en famille ou pour une occasion sp\u00e9ciale (EVJF, cadeau d'anniversaire, moment m\u00e8re-fille...), le\u2026","rel":"","context":"Similar post","block_context":{"text":"Similar post","link":""},"img":{"alt_text":"","src":"","width":0,"height":0},"classes":[]},{"id":103,"url":"https:\/\/massages-girard.fr\/en\/cgv\/","url_meta":{"origin":1053,"position":2},"title":"CONDITIONS G\u00c9N\u00c9RALES DE VENTE","author":"admin7613","date":"11 December 2021","format":false,"excerpt":"ARTICLE 1 - G\u00e9n\u00e9ralit\u00e9s Les pr\u00e9sentes Conditions G\u00e9n\u00e9rales des Ventes (CGV) s\u2019appliquent, sans restriction ni r\u00e9serve, \u00e0 l\u2019ensemble des prestations propos\u00e9es par \u00ab Jean-Philippe GIRARD \u00bb, entreprise individuelle d\u00e9nomm\u00e9e ci-dessous \u00ab Mains de Jouvence \u00bb immatricul\u00e9e par Jean-Philippe GIRARD sous le num\u00e9ro SIRET 81503585200012, et ce, \u00e0 l\u2019ensemble de ses\u2026","rel":"","context":"Similar post","block_context":{"text":"Similar post","link":""},"img":{"alt_text":"","src":"","width":0,"height":0},"classes":[]},{"id":252,"url":"https:\/\/massages-girard.fr\/en\/massages\/massage-thai-traditionnel\/","url_meta":{"origin":1053,"position":3},"title":"Massage Tha\u00ef Traditionnel","author":"admin7613","date":"30 January 2022","format":false,"excerpt":"Ce massage n\u00e9 il y a plus de 2000 ans a \u00e9t\u00e9 import\u00e9 en Tha\u00eflande par des moines boudhistes venus d'Inde. Il procure \u00e0 la fois d\u00e9tente et vitalit\u00e9. Les pressions exerc\u00e9es sur les m\u00e9ridiens lib\u00e8rent les flux d'\u00e9nergie, d\u00e9tendent les muscles et apaisent l'esprit. Les \u00e9tirements et mobilisations assouplissent\u2026","rel":"","context":"Similar post","block_context":{"text":"Similar post","link":""},"img":{"alt_text":"","src":"https:\/\/i0.wp.com\/massages-girard.fr\/wp-content\/uploads\/2022\/01\/DSC_0243.jpg?resize=350%2C200&ssl=1","width":350,"height":200,"srcset":"https:\/\/i0.wp.com\/massages-girard.fr\/wp-content\/uploads\/2022\/01\/DSC_0243.jpg?resize=350%2C200&ssl=1 1x, https:\/\/i0.wp.com\/massages-girard.fr\/wp-content\/uploads\/2022\/01\/DSC_0243.jpg?resize=525%2C300&ssl=1 1.5x, https:\/\/i0.wp.com\/massages-girard.fr\/wp-content\/uploads\/2022\/01\/DSC_0243.jpg?resize=700%2C400&ssl=1 2x"},"classes":[]},{"id":50,"url":"https:\/\/massages-girard.fr\/en\/votre-praticien\/","url_meta":{"origin":1053,"position":4},"title":"Votre Praticien","author":"admin7613","date":"10 December 2021","format":false,"excerpt":"J'ai toujours pratiqu\u00e9 le massage, de fa\u00e7on intuitive. Vers 2010, suite \u00e0 des douleurs chroniques, j'ai not\u00e9 que les massages effectu\u00e9s chez un kin\u00e9sith\u00e9rapeute \u00e9taient encore ce qui me soulageait le plus efficacement. Je me suis alors renseign\u00e9 sur des approches plus globales, car bien qu'efficaces, je trouvais ces massages\u2026","rel":"","context":"Similar post","block_context":{"text":"Similar post","link":""},"img":{"alt_text":"","src":"https:\/\/i0.wp.com\/massages-girard.fr\/wp-content\/uploads\/2021\/12\/Low_Res_IMG_1143a.jpg?resize=350%2C200&ssl=1","width":350,"height":200,"srcset":"https:\/\/i0.wp.com\/massages-girard.fr\/wp-content\/uploads\/2021\/12\/Low_Res_IMG_1143a.jpg?resize=350%2C200&ssl=1 1x, https:\/\/i0.wp.com\/massages-girard.fr\/wp-content\/uploads\/2021\/12\/Low_Res_IMG_1143a.jpg?resize=525%2C300&ssl=1 1.5x, https:\/\/i0.wp.com\/massages-girard.fr\/wp-content\/uploads\/2021\/12\/Low_Res_IMG_1143a.jpg?resize=700%2C400&ssl=1 2x"},"classes":[]},{"id":52,"url":"https:\/\/massages-girard.fr\/en\/vos-services\/","url_meta":{"origin":1053,"position":5},"title":"B\u00e9n\u00e9fices","author":"admin7613","date":"10 December 2021","format":false,"excerpt":"Quelles que soient nos probl\u00e9matiques, les r\u00e9ponses ne sont pas les m\u00eames pour chacun. C'est pourquoi une discussion est toujours bienvenue avant la s\u00e9ance. Je suis \u00e0 votre \u00e9coute afin de proposer des solutions au plus pr\u00e8s de vos besoins. Anti-stress Un massage enveloppant, lent et appuy\u00e9 est souvent id\u00e9al\u2026","rel":"","context":"Similar post","block_context":{"text":"Similar post","link":""},"img":{"alt_text":"","src":"","width":0,"height":0},"classes":[]}],"jetpack_sharing_enabled":true,"_links":{"self":[{"href":"https:\/\/massages-girard.fr\/en\/wp-json\/wp\/v2\/pages\/1053","targetHints":{"allow":["GET"]}}],"collection":[{"href":"https:\/\/massages-girard.fr\/en\/wp-json\/wp\/v2\/pages"}],"about":[{"href":"https:\/\/massages-girard.fr\/en\/wp-json\/wp\/v2\/types\/page"}],"author":[{"embeddable":true,"href":"https:\/\/massages-girard.fr\/en\/wp-json\/wp\/v2\/users\/1"}],"replies":[{"embeddable":true,"href":"https:\/\/massages-girard.fr\/en\/wp-json\/wp\/v2\/comments?post=1053"}],"version-history":[{"count":2,"href":"https:\/\/massages-girard.fr\/en\/wp-json\/wp\/v2\/pages\/1053\/revisions"}],"predecessor-version":[{"id":1062,"href":"https:\/\/massages-girard.fr\/en\/wp-json\/wp\/v2\/pages\/1053\/revisions\/1062"}],"wp:attachment":[{"href":"https:\/\/massages-girard.fr\/en\/wp-json\/wp\/v2\/media?parent=1053"}],"curies":[{"name":"wp","href":"https:\/\/api.w.org\/{rel}","templated":true}]}}