{"id":109,"date":"2021-12-11T22:39:50","date_gmt":"2021-12-11T21:39:50","guid":{"rendered":"https:\/\/massages-girard.fr\/?page_id=109"},"modified":"2025-07-17T19:41:39","modified_gmt":"2025-07-17T17:41:39","slug":"infos","status":"publish","type":"page","link":"https:\/\/massages-girard.fr\/en\/infos\/","title":{"rendered":"Infos Pratiques"},"content":{"rendered":"<p>Je re\u00e7ois sur rendez-vous \u00e0 l&rsquo;Espace Attitude Sant\u00e9 de Wiwersheim. Vous pouvez me contacter au <code>+33601776235<\/code> ou sur mdjouvence@gmail.com<\/p>\n\n\n\n<figure class=\"wp-block-image size-full\"><img data-recalc-dims=\"1\" loading=\"lazy\" decoding=\"async\" width=\"580\" height=\"435\" src=\"https:\/\/i0.wp.com\/massages-girard.fr\/wp-content\/uploads\/2021\/12\/IMG_20210308_135655_800x600.jpg?resize=580%2C435&#038;ssl=1\" alt=\"\" class=\"wp-image-111\" srcset=\"https:\/\/i0.wp.com\/massages-girard.fr\/wp-content\/uploads\/2021\/12\/IMG_20210308_135655_800x600.jpg?w=800&amp;ssl=1 800w, https:\/\/i0.wp.com\/massages-girard.fr\/wp-content\/uploads\/2021\/12\/IMG_20210308_135655_800x600.jpg?resize=300%2C225&amp;ssl=1 300w, https:\/\/i0.wp.com\/massages-girard.fr\/wp-content\/uploads\/2021\/12\/IMG_20210308_135655_800x600.jpg?resize=768%2C576&amp;ssl=1 768w, https:\/\/i0.wp.com\/massages-girard.fr\/wp-content\/uploads\/2021\/12\/IMG_20210308_135655_800x600.jpg?resize=600%2C450&amp;ssl=1 600w\" sizes=\"auto, (max-width: 580px) 100vw, 580px\" \/><figcaption class=\"wp-element-caption\">L&rsquo;Espace Attitude Sant\u00e9, 3 all\u00e9e de l&rsquo;\u00e9conomie 67370 Wiwersheim<\/figcaption><\/figure>\n\n\n\n<figure class=\"wp-block-image size-full\"><img data-recalc-dims=\"1\" loading=\"lazy\" decoding=\"async\" width=\"580\" height=\"452\" src=\"https:\/\/i0.wp.com\/massages-girard.fr\/wp-content\/uploads\/2024\/11\/Copy-of-Copy-of-Plan-epure-800-x-624-px.png?resize=580%2C452&#038;ssl=1\" alt=\"\" class=\"wp-image-924\" srcset=\"https:\/\/i0.wp.com\/massages-girard.fr\/wp-content\/uploads\/2024\/11\/Copy-of-Copy-of-Plan-epure-800-x-624-px.png?w=800&amp;ssl=1 800w, https:\/\/i0.wp.com\/massages-girard.fr\/wp-content\/uploads\/2024\/11\/Copy-of-Copy-of-Plan-epure-800-x-624-px.png?resize=300%2C234&amp;ssl=1 300w, https:\/\/i0.wp.com\/massages-girard.fr\/wp-content\/uploads\/2024\/11\/Copy-of-Copy-of-Plan-epure-800-x-624-px.png?resize=768%2C599&amp;ssl=1 768w, https:\/\/i0.wp.com\/massages-girard.fr\/wp-content\/uploads\/2024\/11\/Copy-of-Copy-of-Plan-epure-800-x-624-px.png?resize=600%2C468&amp;ssl=1 600w\" sizes=\"auto, (max-width: 580px) 100vw, 580px\" \/><\/figure>\n\n\n\n<figure class=\"wp-block-video\"><video height=\"1080\" style=\"aspect-ratio: 1920 \/ 1080;\" width=\"1920\" controls src=\"http:\/\/massages-girard.fr\/wp-content\/uploads\/2024\/11\/EAS-Street-View.mp4\"><\/video><figcaption class=\"wp-element-caption\">Difficult\u00e9s \u00e0 trouver ? Suivez le guide &#8230;<\/figcaption><\/figure>\n\n\n\n<p>L&rsquo;Espace Attitude Sant\u00e9 se situe dans la zone d&rsquo;activit\u00e9 de Wiwersheim, entre le garage Renault et le magasin Colruyt. L&rsquo;entr\u00e9e est en face de Cuisina Cr\u00e9ations. Il y a toujours des places de parking disponibles. <\/p>\n\n\n\n<p>Le salon de massage se trouve au 1er \u00e9tage, porte n\u00b010<\/p>\n\n\n\n<figure class=\"wp-block-image aligncenter size-full is-resized\"><img data-recalc-dims=\"1\" loading=\"lazy\" decoding=\"async\" width=\"580\" height=\"834\" src=\"https:\/\/i0.wp.com\/massages-girard.fr\/wp-content\/uploads\/2024\/06\/IMG20240519151405-646x929-rond-a.png?resize=580%2C834\" alt=\"\" class=\"wp-image-696\" style=\"width:309px;height:auto\" srcset=\"https:\/\/i0.wp.com\/massages-girard.fr\/wp-content\/uploads\/2024\/06\/IMG20240519151405-646x929-rond-a.png?w=646&amp;ssl=1 646w, https:\/\/i0.wp.com\/massages-girard.fr\/wp-content\/uploads\/2024\/06\/IMG20240519151405-646x929-rond-a.png?resize=209%2C300&amp;ssl=1 209w, https:\/\/i0.wp.com\/massages-girard.fr\/wp-content\/uploads\/2024\/06\/IMG20240519151405-646x929-rond-a.png?resize=600%2C863&amp;ssl=1 600w\" sizes=\"auto, (max-width: 580px) 100vw, 580px\" \/><\/figure>","protected":false},"excerpt":{"rendered":"<p>Je re\u00e7ois sur rendez-vous \u00e0 l&rsquo;Espace Attitude Sant\u00e9 de Wiwersheim. Vous pouvez me contacter au ou sur mdjouvence@gmail.com L&rsquo;Espace Attitude Sant\u00e9 se situe dans la zone d&rsquo;activit\u00e9 de Wiwersheim, entre le garage Renault et le magasin Colruyt. L&rsquo;entr\u00e9e est en face de Cuisina Cr\u00e9ations. Il y a toujours des places de parking disponibles. Le salon [&hellip;]<\/p>\n","protected":false},"author":1,"featured_media":0,"parent":0,"menu_order":0,"comment_status":"closed","ping_status":"closed","template":"","meta":{"_monsterinsights_skip_tracking":false,"_monsterinsights_sitenote_active":false,"_monsterinsights_sitenote_note":"","_monsterinsights_sitenote_category":0,"footnotes":""},"class_list":["post-109","page","type-page","status-publish","hentry"],"jetpack-related-posts":[{"id":103,"url":"https:\/\/massages-girard.fr\/en\/cgv\/","url_meta":{"origin":109,"position":0},"title":"CONDITIONS G\u00c9N\u00c9RALES DE VENTE","author":"admin7613","date":"11 December 2021","format":false,"excerpt":"ARTICLE 1 - G\u00e9n\u00e9ralit\u00e9s Les pr\u00e9sentes Conditions G\u00e9n\u00e9rales des Ventes (CGV) s\u2019appliquent, sans restriction ni r\u00e9serve, \u00e0 l\u2019ensemble des prestations propos\u00e9es par \u00ab Jean-Philippe GIRARD \u00bb, entreprise individuelle d\u00e9nomm\u00e9e ci-dessous \u00ab Mains de Jouvence \u00bb immatricul\u00e9e par Jean-Philippe GIRARD sous le num\u00e9ro SIRET 81503585200012, et ce, \u00e0 l\u2019ensemble de ses\u2026","rel":"","context":"Similar post","block_context":{"text":"Similar post","link":""},"img":{"alt_text":"","src":"","width":0,"height":0},"classes":[]},{"id":52,"url":"https:\/\/massages-girard.fr\/en\/vos-services\/","url_meta":{"origin":109,"position":1},"title":"B\u00e9n\u00e9fices","author":"admin7613","date":"10 December 2021","format":false,"excerpt":"Quelles que soient nos probl\u00e9matiques, les r\u00e9ponses ne sont pas les m\u00eames pour chacun. C'est pourquoi une discussion est toujours bienvenue avant la s\u00e9ance. Je suis \u00e0 votre \u00e9coute afin de proposer des solutions au plus pr\u00e8s de vos besoins. Anti-stress Un massage enveloppant, lent et appuy\u00e9 est souvent id\u00e9al\u2026","rel":"","context":"Similar post","block_context":{"text":"Similar post","link":""},"img":{"alt_text":"","src":"","width":0,"height":0},"classes":[]},{"id":769,"url":"https:\/\/massages-girard.fr\/en\/massages\/packs\/","url_meta":{"origin":109,"position":2},"title":"Les Packs Zen","author":"admin7613","date":"4 September 2024","format":false,"excerpt":"Les effets d'un massage ne durent pas ind\u00e9finiment ... Seule une pratique r\u00e9guli\u00e8re permet de maintenir les b\u00e9n\u00e9fices ! C'est pourquoi je vous propose diff\u00e9rentes formules : Le Pack Soin du Dos Les Packs Zen Les Packs Personnalis\u00e9s Faites-vous plaisir et restez au top toute l'ann\u00e9e, en plus de b\u00e9n\u00e9ficier\u2026","rel":"","context":"Similar post","block_context":{"text":"Similar post","link":""},"img":{"alt_text":"","src":"https:\/\/i0.wp.com\/massages-girard.fr\/wp-content\/uploads\/2025\/10\/2025-Tarifs-abo-600x632px.png?resize=350%2C200&ssl=1","width":350,"height":200,"srcset":"https:\/\/i0.wp.com\/massages-girard.fr\/wp-content\/uploads\/2025\/10\/2025-Tarifs-abo-600x632px.png?resize=350%2C200&ssl=1 1x, https:\/\/i0.wp.com\/massages-girard.fr\/wp-content\/uploads\/2025\/10\/2025-Tarifs-abo-600x632px.png?resize=525%2C300&ssl=1 1.5x"},"classes":[]}],"jetpack_sharing_enabled":true,"_links":{"self":[{"href":"https:\/\/massages-girard.fr\/en\/wp-json\/wp\/v2\/pages\/109","targetHints":{"allow":["GET"]}}],"collection":[{"href":"https:\/\/massages-girard.fr\/en\/wp-json\/wp\/v2\/pages"}],"about":[{"href":"https:\/\/massages-girard.fr\/en\/wp-json\/wp\/v2\/types\/page"}],"author":[{"embeddable":true,"href":"https:\/\/massages-girard.fr\/en\/wp-json\/wp\/v2\/users\/1"}],"replies":[{"embeddable":true,"href":"https:\/\/massages-girard.fr\/en\/wp-json\/wp\/v2\/comments?post=109"}],"version-history":[{"count":15,"href":"https:\/\/massages-girard.fr\/en\/wp-json\/wp\/v2\/pages\/109\/revisions"}],"predecessor-version":[{"id":1029,"href":"https:\/\/massages-girard.fr\/en\/wp-json\/wp\/v2\/pages\/109\/revisions\/1029"}],"wp:attachment":[{"href":"https:\/\/massages-girard.fr\/en\/wp-json\/wp\/v2\/media?parent=109"}],"curies":[{"name":"wp","href":"https:\/\/api.w.org\/{rel}","templated":true}]}}