{"id":245,"date":"2022-01-30T05:58:03","date_gmt":"2022-01-30T04:58:03","guid":{"rendered":"https:\/\/massages-girard.fr\/?page_id=245"},"modified":"2024-09-06T21:01:14","modified_gmt":"2024-09-06T19:01:14","slug":"massage-californien-suedois","status":"publish","type":"page","link":"https:\/\/massages-girard.fr\/en\/massages\/massage-californien-suedois\/","title":{"rendered":"Massage Californien-Su\u00e9dois"},"content":{"rendered":"<div class=\"wp-block-media-text alignwide is-stacked-on-mobile\" style=\"grid-template-columns:32% auto\"><figure class=\"wp-block-media-text__media\"><img data-recalc-dims=\"1\" loading=\"lazy\" decoding=\"async\" width=\"580\" height=\"389\" src=\"https:\/\/i0.wp.com\/massages-girard.fr\/wp-content\/uploads\/2022\/01\/DSC_0391.jpg?resize=580%2C389\" alt=\"\" class=\"wp-image-225 size-full\" srcset=\"https:\/\/i0.wp.com\/massages-girard.fr\/wp-content\/uploads\/2022\/01\/DSC_0391.jpg?w=800&amp;ssl=1 800w, https:\/\/i0.wp.com\/massages-girard.fr\/wp-content\/uploads\/2022\/01\/DSC_0391.jpg?resize=300%2C201&amp;ssl=1 300w, https:\/\/i0.wp.com\/massages-girard.fr\/wp-content\/uploads\/2022\/01\/DSC_0391.jpg?resize=768%2C515&amp;ssl=1 768w, https:\/\/i0.wp.com\/massages-girard.fr\/wp-content\/uploads\/2022\/01\/DSC_0391.jpg?resize=600%2C402&amp;ssl=1 600w\" sizes=\"auto, (max-width: 580px) 100vw, 580px\" \/><\/figure><div class=\"wp-block-media-text__content\">\n<p class=\"has-large-font-size\">A l\u2019origine, le Massage Californien est issu d\u2019une approche psycho-corporelle, visant \u00e0 r\u00e9soudre des probl\u00e9matiques psychologiques et \u00e9motionnelles en passant par le corps. Le Massage Su\u00e9dois quant \u00e0 lui, se concentre sur la lib\u00e9ration des capacit\u00e9s physiques.<\/p>\n<\/div><\/div>\n\n\n\n<div class=\"wp-block-media-text alignwide has-media-on-the-right is-stacked-on-mobile\" style=\"grid-template-columns:auto 33%\"><div class=\"wp-block-media-text__content\">\n<p class=\"has-large-font-size\">L\u2019alliance de ces 2 techniques produit un massage tr\u00e8s complet. Il comprend un travail du dos d\u00e9taill\u00e9 et favorise la r\u00e9cup\u00e9ration musculaire gr\u00e2ce aux p\u00e9trissages. Cela combin\u00e9 avec des phases plus lentes et des gestes enveloppants, favorisant le l\u00e2cher-prise. La partie su\u00e9doise est notamment tr\u00e8s efficace pour d\u00e9nouer le dos et la nuque.<\/p>\n<\/div><figure class=\"wp-block-media-text__media\"><img data-recalc-dims=\"1\" loading=\"lazy\" decoding=\"async\" width=\"580\" height=\"389\" src=\"https:\/\/i0.wp.com\/massages-girard.fr\/wp-content\/uploads\/2022\/01\/DSC_0373.jpg?resize=580%2C389\" alt=\"\" class=\"wp-image-224 size-full\" srcset=\"https:\/\/i0.wp.com\/massages-girard.fr\/wp-content\/uploads\/2022\/01\/DSC_0373.jpg?w=800&amp;ssl=1 800w, https:\/\/i0.wp.com\/massages-girard.fr\/wp-content\/uploads\/2022\/01\/DSC_0373.jpg?resize=300%2C201&amp;ssl=1 300w, https:\/\/i0.wp.com\/massages-girard.fr\/wp-content\/uploads\/2022\/01\/DSC_0373.jpg?resize=768%2C515&amp;ssl=1 768w, https:\/\/i0.wp.com\/massages-girard.fr\/wp-content\/uploads\/2022\/01\/DSC_0373.jpg?resize=600%2C402&amp;ssl=1 600w\" sizes=\"auto, (max-width: 580px) 100vw, 580px\" \/><\/figure><\/div>\n\n\n\n<div class=\"wp-block-media-text alignwide is-stacked-on-mobile\" style=\"grid-template-columns:26% auto\"><figure class=\"wp-block-media-text__media\"><img data-recalc-dims=\"1\" loading=\"lazy\" decoding=\"async\" width=\"580\" height=\"866\" src=\"https:\/\/i0.wp.com\/massages-girard.fr\/wp-content\/uploads\/2022\/01\/DSC_0396.jpg?resize=580%2C866\" alt=\"\" class=\"wp-image-226 size-full\" srcset=\"https:\/\/i0.wp.com\/massages-girard.fr\/wp-content\/uploads\/2022\/01\/DSC_0396.jpg?w=600&amp;ssl=1 600w, https:\/\/i0.wp.com\/massages-girard.fr\/wp-content\/uploads\/2022\/01\/DSC_0396.jpg?resize=201%2C300&amp;ssl=1 201w\" sizes=\"auto, (max-width: 580px) 100vw, 580px\" \/><\/figure><div class=\"wp-block-media-text__content\">\n<p><\/p>\n\n\n\n<p><\/p>\n\n\n\n<p><\/p>\n\n\n\n<p><strong>Les points forts&nbsp;de ce massage :<\/strong><\/p>\n\n\n\n<ul class=\"wp-block-list\">\n<li>Am\u00e9liore et acc\u00e9l\u00e8re la r\u00e9cup\u00e9ration musculaire<\/li>\n\n\n\n<li>D\u00e9noue le dos et la nuque<\/li>\n\n\n\n<li>Aide au l\u00e2cher-prise<\/li>\n<\/ul>\n\n\n\n<p><\/p>\n\n\n\n<p><\/p>\n\n\n\n<p><a href=\"https:\/\/massages-girard.fr\/en\/massages\/\">Retour \u00e0 la liste des massages<\/a><br><\/p>\n\n\n\n<p><\/p>\n<\/div><\/div>","protected":false},"excerpt":{"rendered":"<p>A l\u2019origine, le Massage Californien est issu d\u2019une approche psycho-corporelle, visant \u00e0 r\u00e9soudre des probl\u00e9matiques psychologiques et \u00e9motionnelles en passant par le corps. Le Massage Su\u00e9dois quant \u00e0 lui, se concentre sur la lib\u00e9ration des capacit\u00e9s physiques. L\u2019alliance de ces 2 techniques produit un massage tr\u00e8s complet. Il comprend un travail du dos d\u00e9taill\u00e9 et [&hellip;]<\/p>\n","protected":false},"author":1,"featured_media":0,"parent":706,"menu_order":0,"comment_status":"closed","ping_status":"closed","template":"","meta":{"_monsterinsights_skip_tracking":false,"_monsterinsights_sitenote_active":false,"_monsterinsights_sitenote_note":"","_monsterinsights_sitenote_category":0,"footnotes":""},"class_list":["post-245","page","type-page","status-publish","hentry"],"jetpack-related-posts":[{"id":769,"url":"https:\/\/massages-girard.fr\/en\/massages\/packs\/","url_meta":{"origin":245,"position":0},"title":"Les Packs Zen","author":"admin7613","date":"4 September 2024","format":false,"excerpt":"Les effets d'un massage ne durent pas ind\u00e9finiment ... Seule une pratique r\u00e9guli\u00e8re permet de maintenir les b\u00e9n\u00e9fices ! C'est pourquoi je vous propose diff\u00e9rentes formules : Le Pack Soin du Dos Les Packs Zen Les Packs Personnalis\u00e9s Faites-vous plaisir et restez au top toute l'ann\u00e9e, en plus de b\u00e9n\u00e9ficier\u2026","rel":"","context":"Similar post","block_context":{"text":"Similar post","link":""},"img":{"alt_text":"","src":"https:\/\/i0.wp.com\/massages-girard.fr\/wp-content\/uploads\/2025\/10\/2025-Tarifs-abo-600x632px.png?resize=350%2C200&ssl=1","width":350,"height":200,"srcset":"https:\/\/i0.wp.com\/massages-girard.fr\/wp-content\/uploads\/2025\/10\/2025-Tarifs-abo-600x632px.png?resize=350%2C200&ssl=1 1x, https:\/\/i0.wp.com\/massages-girard.fr\/wp-content\/uploads\/2025\/10\/2025-Tarifs-abo-600x632px.png?resize=525%2C300&ssl=1 1.5x"},"classes":[]},{"id":252,"url":"https:\/\/massages-girard.fr\/en\/massages\/massage-thai-traditionnel\/","url_meta":{"origin":245,"position":1},"title":"Massage Tha\u00ef Traditionnel","author":"admin7613","date":"30 January 2022","format":false,"excerpt":"Ce massage n\u00e9 il y a plus de 2000 ans a \u00e9t\u00e9 import\u00e9 en Tha\u00eflande par des moines boudhistes venus d'Inde. Il procure \u00e0 la fois d\u00e9tente et vitalit\u00e9. Les pressions exerc\u00e9es sur les m\u00e9ridiens lib\u00e8rent les flux d'\u00e9nergie, d\u00e9tendent les muscles et apaisent l'esprit. Les \u00e9tirements et mobilisations assouplissent\u2026","rel":"","context":"Similar post","block_context":{"text":"Similar post","link":""},"img":{"alt_text":"","src":"https:\/\/i0.wp.com\/massages-girard.fr\/wp-content\/uploads\/2022\/01\/DSC_0243.jpg?resize=350%2C200&ssl=1","width":350,"height":200,"srcset":"https:\/\/i0.wp.com\/massages-girard.fr\/wp-content\/uploads\/2022\/01\/DSC_0243.jpg?resize=350%2C200&ssl=1 1x, https:\/\/i0.wp.com\/massages-girard.fr\/wp-content\/uploads\/2022\/01\/DSC_0243.jpg?resize=525%2C300&ssl=1 1.5x, https:\/\/i0.wp.com\/massages-girard.fr\/wp-content\/uploads\/2022\/01\/DSC_0243.jpg?resize=700%2C400&ssl=1 2x"},"classes":[]},{"id":238,"url":"https:\/\/massages-girard.fr\/en\/massages\/massage-indien-ayurvedique-abhyanga\/","url_meta":{"origin":245,"position":2},"title":"Massage Indien Ayurv\u00e9dique Abhyanga","author":"admin7613","date":"30 January 2022","format":false,"excerpt":"Originaire du Sud de l'Inde, ce massage enveloppant est issu de l'Ayurveda : la m\u00e9decine traditionnelle indienne. Abhyanga peut se traduire par \"massage \u00e0 l'huile\".Ce massage permet de se recentrer, d'activer la circulation de l'\u00e9nergie, de conscientiser les diff\u00e9rentes parties du corps et renforcer le lien corps-esprit. Il est caract\u00e9ris\u00e9\u2026","rel":"","context":"Similar post","block_context":{"text":"Similar post","link":""},"img":{"alt_text":"","src":"https:\/\/i0.wp.com\/massages-girard.fr\/wp-content\/uploads\/2022\/01\/DSC_0352c-800x515-1.jpg?resize=350%2C200&ssl=1","width":350,"height":200,"srcset":"https:\/\/i0.wp.com\/massages-girard.fr\/wp-content\/uploads\/2022\/01\/DSC_0352c-800x515-1.jpg?resize=350%2C200&ssl=1 1x, https:\/\/i0.wp.com\/massages-girard.fr\/wp-content\/uploads\/2022\/01\/DSC_0352c-800x515-1.jpg?resize=525%2C300&ssl=1 1.5x, https:\/\/i0.wp.com\/massages-girard.fr\/wp-content\/uploads\/2022\/01\/DSC_0352c-800x515-1.jpg?resize=700%2C400&ssl=1 2x"},"classes":[]},{"id":706,"url":"https:\/\/massages-girard.fr\/en\/massages\/","url_meta":{"origin":245,"position":3},"title":"Massages &#038; Tarifs","author":"admin7613","date":"19 August 2024","format":false,"excerpt":"Les techniques Massage complet et personnalis\u00e9.Techniques vari\u00e9es, adapt\u00e9es \u00e0 vos besoins. D\u00e9noue et relaxe en profondeur. S\u00e9ance Premium. Travail sur les chakras. Vrai massage : pierres statiques et pressions gliss\u00e9es. D\u00e9tente profonde \u00e0 tous les niveaux. Stimulation des points r\u00e9flexes li\u00e9s aux organes. All\u00e8ge les jambes, calme le mental.","rel":"","context":"Similar post","block_context":{"text":"Similar post","link":""},"img":{"alt_text":"","src":"https:\/\/i0.wp.com\/massages-girard.fr\/wp-content\/uploads\/2026\/04\/v2026.png?resize=350%2C200&ssl=1","width":350,"height":200,"srcset":"https:\/\/i0.wp.com\/massages-girard.fr\/wp-content\/uploads\/2026\/04\/v2026.png?resize=350%2C200&ssl=1 1x, https:\/\/i0.wp.com\/massages-girard.fr\/wp-content\/uploads\/2026\/04\/v2026.png?resize=525%2C300&ssl=1 1.5x"},"classes":[]},{"id":50,"url":"https:\/\/massages-girard.fr\/en\/votre-praticien\/","url_meta":{"origin":245,"position":4},"title":"Votre Praticien","author":"admin7613","date":"10 December 2021","format":false,"excerpt":"J'ai toujours pratiqu\u00e9 le massage, de fa\u00e7on intuitive. Vers 2010, suite \u00e0 des douleurs chroniques, j'ai not\u00e9 que les massages effectu\u00e9s chez un kin\u00e9sith\u00e9rapeute \u00e9taient encore ce qui me soulageait le plus efficacement. Je me suis alors renseign\u00e9 sur des approches plus globales, car bien qu'efficaces, je trouvais ces massages\u2026","rel":"","context":"Similar post","block_context":{"text":"Similar post","link":""},"img":{"alt_text":"","src":"https:\/\/i0.wp.com\/massages-girard.fr\/wp-content\/uploads\/2021\/12\/Low_Res_IMG_1143a.jpg?resize=350%2C200&ssl=1","width":350,"height":200,"srcset":"https:\/\/i0.wp.com\/massages-girard.fr\/wp-content\/uploads\/2021\/12\/Low_Res_IMG_1143a.jpg?resize=350%2C200&ssl=1 1x, https:\/\/i0.wp.com\/massages-girard.fr\/wp-content\/uploads\/2021\/12\/Low_Res_IMG_1143a.jpg?resize=525%2C300&ssl=1 1.5x, https:\/\/i0.wp.com\/massages-girard.fr\/wp-content\/uploads\/2021\/12\/Low_Res_IMG_1143a.jpg?resize=700%2C400&ssl=1 2x"},"classes":[]},{"id":52,"url":"https:\/\/massages-girard.fr\/en\/vos-services\/","url_meta":{"origin":245,"position":5},"title":"B\u00e9n\u00e9fices","author":"admin7613","date":"10 December 2021","format":false,"excerpt":"Quelles que soient nos probl\u00e9matiques, les r\u00e9ponses ne sont pas les m\u00eames pour chacun. C'est pourquoi une discussion est toujours bienvenue avant la s\u00e9ance. Je suis \u00e0 votre \u00e9coute afin de proposer des solutions au plus pr\u00e8s de vos besoins. Anti-stress Un massage enveloppant, lent et appuy\u00e9 est souvent id\u00e9al\u2026","rel":"","context":"Similar post","block_context":{"text":"Similar post","link":""},"img":{"alt_text":"","src":"","width":0,"height":0},"classes":[]}],"jetpack_sharing_enabled":true,"_links":{"self":[{"href":"https:\/\/massages-girard.fr\/en\/wp-json\/wp\/v2\/pages\/245","targetHints":{"allow":["GET"]}}],"collection":[{"href":"https:\/\/massages-girard.fr\/en\/wp-json\/wp\/v2\/pages"}],"about":[{"href":"https:\/\/massages-girard.fr\/en\/wp-json\/wp\/v2\/types\/page"}],"author":[{"embeddable":true,"href":"https:\/\/massages-girard.fr\/en\/wp-json\/wp\/v2\/users\/1"}],"replies":[{"embeddable":true,"href":"https:\/\/massages-girard.fr\/en\/wp-json\/wp\/v2\/comments?post=245"}],"version-history":[{"count":5,"href":"https:\/\/massages-girard.fr\/en\/wp-json\/wp\/v2\/pages\/245\/revisions"}],"predecessor-version":[{"id":683,"href":"https:\/\/massages-girard.fr\/en\/wp-json\/wp\/v2\/pages\/245\/revisions\/683"}],"up":[{"embeddable":true,"href":"https:\/\/massages-girard.fr\/en\/wp-json\/wp\/v2\/pages\/706"}],"wp:attachment":[{"href":"https:\/\/massages-girard.fr\/en\/wp-json\/wp\/v2\/media?parent=245"}],"curies":[{"name":"wp","href":"https:\/\/api.w.org\/{rel}","templated":true}]}}