{"id":248,"date":"2022-01-30T06:43:39","date_gmt":"2022-01-30T05:43:39","guid":{"rendered":"https:\/\/massages-girard.fr\/?page_id=248"},"modified":"2024-09-06T21:01:14","modified_gmt":"2024-09-06T19:01:14","slug":"reflexologie-plantaire-thai","status":"publish","type":"page","link":"https:\/\/massages-girard.fr\/en\/massages\/reflexologie-plantaire-thai\/","title":{"rendered":"R\u00e9flexologie Plantaire Tha\u00ef"},"content":{"rendered":"<div class=\"wp-block-media-text alignwide is-stacked-on-mobile\" style=\"grid-template-columns:31% auto\"><figure class=\"wp-block-media-text__media\"><img data-recalc-dims=\"1\" loading=\"lazy\" decoding=\"async\" width=\"580\" height=\"866\" src=\"https:\/\/i0.wp.com\/massages-girard.fr\/wp-content\/uploads\/2022\/01\/DSC_0336.jpg?resize=580%2C866\" alt=\"\" class=\"wp-image-223 size-full\" srcset=\"https:\/\/i0.wp.com\/massages-girard.fr\/wp-content\/uploads\/2022\/01\/DSC_0336.jpg?w=600&amp;ssl=1 600w, https:\/\/i0.wp.com\/massages-girard.fr\/wp-content\/uploads\/2022\/01\/DSC_0336.jpg?resize=201%2C300&amp;ssl=1 201w\" sizes=\"auto, (max-width: 580px) 100vw, 580px\" \/><\/figure><div class=\"wp-block-media-text__content\">\n<p>La r\u00e9flexologie plantaire tha\u00ef est un massage complet et minutieux des pieds et des mollets, qui trouve ses origines dans la m\u00e9decine chinoise et l\u2019ayurv\u00e9da (\u00ab&nbsp;science de la vie&nbsp;\u00bb indienne).<\/p>\n\n\n\n<p>L&rsquo;effet le plus \u00e9vident est une sensation de grande l\u00e9g\u00e8ret\u00e9 dans les jambes. Mais vous remarquerez aussi, bien que le massage soit localis\u00e9 exclusivement sur les pieds et les mollets, que l&rsquo;on en ressent les bienfaits dans le corps tout entier. En fin de s\u00e9ance, les nerfs sont d\u00e9charg\u00e9s, l\u2019esprit apais\u00e9.<\/p>\n<\/div><\/div>\n\n\n\n<div class=\"wp-block-media-text alignwide has-media-on-the-right is-stacked-on-mobile\"><div class=\"wp-block-media-text__content\">\n<p>Les zones r\u00e9flexes sur l&rsquo;ensemble du pied ont \u00e9t\u00e9 mises en lumi\u00e8re de fa\u00e7on empirique par les Chinois, il y a d\u00e9j\u00e0 des milliers d&rsquo;ann\u00e9es. A travers ces points r\u00e9flexes, les organes sont stimul\u00e9s, revitalisant l\u2019ensemble de l\u2019organisme.<\/p>\n\n\n\n<p>On utilise pour cela les mains et un b\u00e2tonnet pr\u00e9vu sp\u00e9cifiquement pour cet usage. J\u2019utilise une cr\u00e8me tha\u00eflandaise qui stimule la circulation sanguine, favorise la d\u00e9tente musculaire et dont la senteur d\u00e9payse instantan\u00e9ment.<\/p>\n<\/div><figure class=\"wp-block-media-text__media\"><img data-recalc-dims=\"1\" loading=\"lazy\" decoding=\"async\" width=\"580\" height=\"389\" src=\"https:\/\/i0.wp.com\/massages-girard.fr\/wp-content\/uploads\/2022\/01\/DSC_0334.jpg?resize=580%2C389\" alt=\"\" class=\"wp-image-222 size-full\" srcset=\"https:\/\/i0.wp.com\/massages-girard.fr\/wp-content\/uploads\/2022\/01\/DSC_0334.jpg?w=800&amp;ssl=1 800w, https:\/\/i0.wp.com\/massages-girard.fr\/wp-content\/uploads\/2022\/01\/DSC_0334.jpg?resize=300%2C201&amp;ssl=1 300w, https:\/\/i0.wp.com\/massages-girard.fr\/wp-content\/uploads\/2022\/01\/DSC_0334.jpg?resize=768%2C515&amp;ssl=1 768w, https:\/\/i0.wp.com\/massages-girard.fr\/wp-content\/uploads\/2022\/01\/DSC_0334.jpg?resize=600%2C402&amp;ssl=1 600w\" sizes=\"auto, (max-width: 580px) 100vw, 580px\" \/><\/figure><\/div>\n\n\n\n<div class=\"wp-block-media-text alignwide is-stacked-on-mobile\" style=\"grid-template-columns:38% auto\"><figure class=\"wp-block-media-text__media\"><img data-recalc-dims=\"1\" loading=\"lazy\" decoding=\"async\" width=\"580\" height=\"600\" src=\"https:\/\/i0.wp.com\/massages-girard.fr\/wp-content\/uploads\/2022\/01\/low_res_DSC_0346.jpg?resize=580%2C600\" alt=\"\" class=\"wp-image-250 size-full\" srcset=\"https:\/\/i0.wp.com\/massages-girard.fr\/wp-content\/uploads\/2022\/01\/low_res_DSC_0346.jpg?w=800&amp;ssl=1 800w, https:\/\/i0.wp.com\/massages-girard.fr\/wp-content\/uploads\/2022\/01\/low_res_DSC_0346.jpg?resize=290%2C300&amp;ssl=1 290w, https:\/\/i0.wp.com\/massages-girard.fr\/wp-content\/uploads\/2022\/01\/low_res_DSC_0346.jpg?resize=768%2C795&amp;ssl=1 768w, https:\/\/i0.wp.com\/massages-girard.fr\/wp-content\/uploads\/2022\/01\/low_res_DSC_0346.jpg?resize=600%2C621&amp;ssl=1 600w\" sizes=\"auto, (max-width: 580px) 100vw, 580px\" \/><\/figure><div class=\"wp-block-media-text__content\">\n<p><\/p>\n\n\n\n<p><\/p>\n\n\n\n<p><strong>Les points forts de ce massage :<\/strong><\/p>\n\n\n\n<ul class=\"wp-block-list\">\n<li>Apaisement nerveux, recentrage<\/li>\n\n\n\n<li>Sensation de l\u00e9g\u00e8ret\u00e9 dans les jambes<\/li>\n\n\n\n<li>Effets puissants ressentis dans tout le corps<\/li>\n<\/ul>\n\n\n\n<p><\/p>\n\n\n\n<p><\/p>\n\n\n\n<p><a href=\"https:\/\/massages-girard.fr\/en\/massages\/\">Retour \u00e0 la liste des massages<\/a><br><\/p>\n\n\n\n<p><\/p>\n<\/div><\/div>","protected":false},"excerpt":{"rendered":"<p>La r\u00e9flexologie plantaire tha\u00ef est un massage complet et minutieux des pieds et des mollets, qui trouve ses origines dans la m\u00e9decine chinoise et l\u2019ayurv\u00e9da (\u00ab&nbsp;science de la vie&nbsp;\u00bb indienne). L&rsquo;effet le plus \u00e9vident est une sensation de grande l\u00e9g\u00e8ret\u00e9 dans les jambes. Mais vous remarquerez aussi, bien que le massage soit localis\u00e9 exclusivement sur [&hellip;]<\/p>\n","protected":false},"author":1,"featured_media":0,"parent":706,"menu_order":0,"comment_status":"closed","ping_status":"closed","template":"","meta":{"_monsterinsights_skip_tracking":false,"_monsterinsights_sitenote_active":false,"_monsterinsights_sitenote_note":"","_monsterinsights_sitenote_category":0,"footnotes":""},"class_list":["post-248","page","type-page","status-publish","hentry"],"jetpack-related-posts":[{"id":52,"url":"https:\/\/massages-girard.fr\/en\/vos-services\/","url_meta":{"origin":248,"position":0},"title":"B\u00e9n\u00e9fices","author":"admin7613","date":"10 December 2021","format":false,"excerpt":"Quelles que soient nos probl\u00e9matiques, les r\u00e9ponses ne sont pas les m\u00eames pour chacun. C'est pourquoi une discussion est toujours bienvenue avant la s\u00e9ance. Je suis \u00e0 votre \u00e9coute afin de proposer des solutions au plus pr\u00e8s de vos besoins. Anti-stress Un massage enveloppant, lent et appuy\u00e9 est souvent id\u00e9al\u2026","rel":"","context":"Similar post","block_context":{"text":"Similar post","link":""},"img":{"alt_text":"","src":"","width":0,"height":0},"classes":[]},{"id":252,"url":"https:\/\/massages-girard.fr\/en\/massages\/massage-thai-traditionnel\/","url_meta":{"origin":248,"position":1},"title":"Massage Tha\u00ef Traditionnel","author":"admin7613","date":"30 January 2022","format":false,"excerpt":"Ce massage n\u00e9 il y a plus de 2000 ans a \u00e9t\u00e9 import\u00e9 en Tha\u00eflande par des moines boudhistes venus d'Inde. Il procure \u00e0 la fois d\u00e9tente et vitalit\u00e9. Les pressions exerc\u00e9es sur les m\u00e9ridiens lib\u00e8rent les flux d'\u00e9nergie, d\u00e9tendent les muscles et apaisent l'esprit. Les \u00e9tirements et mobilisations assouplissent\u2026","rel":"","context":"Similar post","block_context":{"text":"Similar post","link":""},"img":{"alt_text":"","src":"https:\/\/i0.wp.com\/massages-girard.fr\/wp-content\/uploads\/2022\/01\/DSC_0243.jpg?resize=350%2C200&ssl=1","width":350,"height":200,"srcset":"https:\/\/i0.wp.com\/massages-girard.fr\/wp-content\/uploads\/2022\/01\/DSC_0243.jpg?resize=350%2C200&ssl=1 1x, https:\/\/i0.wp.com\/massages-girard.fr\/wp-content\/uploads\/2022\/01\/DSC_0243.jpg?resize=525%2C300&ssl=1 1.5x, https:\/\/i0.wp.com\/massages-girard.fr\/wp-content\/uploads\/2022\/01\/DSC_0243.jpg?resize=700%2C400&ssl=1 2x"},"classes":[]},{"id":103,"url":"https:\/\/massages-girard.fr\/en\/cgv\/","url_meta":{"origin":248,"position":2},"title":"CONDITIONS G\u00c9N\u00c9RALES DE VENTE","author":"admin7613","date":"11 December 2021","format":false,"excerpt":"ARTICLE 1 - G\u00e9n\u00e9ralit\u00e9s Les pr\u00e9sentes Conditions G\u00e9n\u00e9rales des Ventes (CGV) s\u2019appliquent, sans restriction ni r\u00e9serve, \u00e0 l\u2019ensemble des prestations propos\u00e9es par \u00ab Jean-Philippe GIRARD \u00bb, entreprise individuelle d\u00e9nomm\u00e9e ci-dessous \u00ab Mains de Jouvence \u00bb immatricul\u00e9e par Jean-Philippe GIRARD sous le num\u00e9ro SIRET 81503585200012, et ce, \u00e0 l\u2019ensemble de ses\u2026","rel":"","context":"Similar post","block_context":{"text":"Similar post","link":""},"img":{"alt_text":"","src":"","width":0,"height":0},"classes":[]},{"id":267,"url":"https:\/\/massages-girard.fr\/en\/massages\/relaxation-coreenne\/","url_meta":{"origin":248,"position":3},"title":"Relaxation Cor\u00e9enne","author":"admin7613","date":"31 January 2022","format":false,"excerpt":"La Relaxation Cor\u00e9enne se d\u00e9marque radicalement des autres techniques. En effet, il ne s\u2019agit pas d\u2019un massage dans le sens o\u00f9 on l\u2019entend habituellement. Extr\u00eamement efficace pour soulager le stress, elle apaise l'esprit et d\u00e9charge le syst\u00e8me nerveux des tensions parasites. C\u2019est un excellent outil pour travailler le\u00a0l\u00e2cher-prise. Les tensions\u2026","rel":"","context":"Similar post","block_context":{"text":"Similar post","link":""},"img":{"alt_text":"","src":"https:\/\/i0.wp.com\/massages-girard.fr\/wp-content\/uploads\/2022\/01\/Relax-Co-533x533-DSC_0293.jpg?resize=350%2C200&ssl=1","width":350,"height":200,"srcset":"https:\/\/i0.wp.com\/massages-girard.fr\/wp-content\/uploads\/2022\/01\/Relax-Co-533x533-DSC_0293.jpg?resize=350%2C200&ssl=1 1x, https:\/\/i0.wp.com\/massages-girard.fr\/wp-content\/uploads\/2022\/01\/Relax-Co-533x533-DSC_0293.jpg?resize=525%2C300&ssl=1 1.5x"},"classes":[]},{"id":238,"url":"https:\/\/massages-girard.fr\/en\/massages\/massage-indien-ayurvedique-abhyanga\/","url_meta":{"origin":248,"position":4},"title":"Massage Indien Ayurv\u00e9dique Abhyanga","author":"admin7613","date":"30 January 2022","format":false,"excerpt":"Originaire du Sud de l'Inde, ce massage enveloppant est issu de l'Ayurveda : la m\u00e9decine traditionnelle indienne. Abhyanga peut se traduire par \"massage \u00e0 l'huile\".Ce massage permet de se recentrer, d'activer la circulation de l'\u00e9nergie, de conscientiser les diff\u00e9rentes parties du corps et renforcer le lien corps-esprit. Il est caract\u00e9ris\u00e9\u2026","rel":"","context":"Similar post","block_context":{"text":"Similar post","link":""},"img":{"alt_text":"","src":"https:\/\/i0.wp.com\/massages-girard.fr\/wp-content\/uploads\/2022\/01\/DSC_0352c-800x515-1.jpg?resize=350%2C200&ssl=1","width":350,"height":200,"srcset":"https:\/\/i0.wp.com\/massages-girard.fr\/wp-content\/uploads\/2022\/01\/DSC_0352c-800x515-1.jpg?resize=350%2C200&ssl=1 1x, https:\/\/i0.wp.com\/massages-girard.fr\/wp-content\/uploads\/2022\/01\/DSC_0352c-800x515-1.jpg?resize=525%2C300&ssl=1 1.5x, https:\/\/i0.wp.com\/massages-girard.fr\/wp-content\/uploads\/2022\/01\/DSC_0352c-800x515-1.jpg?resize=700%2C400&ssl=1 2x"},"classes":[]},{"id":245,"url":"https:\/\/massages-girard.fr\/en\/massages\/massage-californien-suedois\/","url_meta":{"origin":248,"position":5},"title":"Massage Californien-Su\u00e9dois","author":"admin7613","date":"30 January 2022","format":false,"excerpt":"A l\u2019origine, le Massage Californien est issu d\u2019une approche psycho-corporelle, visant \u00e0 r\u00e9soudre des probl\u00e9matiques psychologiques et \u00e9motionnelles en passant par le corps. Le Massage Su\u00e9dois quant \u00e0 lui, se concentre sur la lib\u00e9ration des capacit\u00e9s physiques. L\u2019alliance de ces 2 techniques produit un massage tr\u00e8s complet. Il comprend un\u2026","rel":"","context":"Similar post","block_context":{"text":"Similar post","link":""},"img":{"alt_text":"","src":"https:\/\/i0.wp.com\/massages-girard.fr\/wp-content\/uploads\/2022\/01\/DSC_0391.jpg?resize=350%2C200&ssl=1","width":350,"height":200,"srcset":"https:\/\/i0.wp.com\/massages-girard.fr\/wp-content\/uploads\/2022\/01\/DSC_0391.jpg?resize=350%2C200&ssl=1 1x, https:\/\/i0.wp.com\/massages-girard.fr\/wp-content\/uploads\/2022\/01\/DSC_0391.jpg?resize=525%2C300&ssl=1 1.5x, https:\/\/i0.wp.com\/massages-girard.fr\/wp-content\/uploads\/2022\/01\/DSC_0391.jpg?resize=700%2C400&ssl=1 2x"},"classes":[]}],"jetpack_sharing_enabled":true,"_links":{"self":[{"href":"https:\/\/massages-girard.fr\/en\/wp-json\/wp\/v2\/pages\/248","targetHints":{"allow":["GET"]}}],"collection":[{"href":"https:\/\/massages-girard.fr\/en\/wp-json\/wp\/v2\/pages"}],"about":[{"href":"https:\/\/massages-girard.fr\/en\/wp-json\/wp\/v2\/types\/page"}],"author":[{"embeddable":true,"href":"https:\/\/massages-girard.fr\/en\/wp-json\/wp\/v2\/users\/1"}],"replies":[{"embeddable":true,"href":"https:\/\/massages-girard.fr\/en\/wp-json\/wp\/v2\/comments?post=248"}],"version-history":[{"count":6,"href":"https:\/\/massages-girard.fr\/en\/wp-json\/wp\/v2\/pages\/248\/revisions"}],"predecessor-version":[{"id":684,"href":"https:\/\/massages-girard.fr\/en\/wp-json\/wp\/v2\/pages\/248\/revisions\/684"}],"up":[{"embeddable":true,"href":"https:\/\/massages-girard.fr\/en\/wp-json\/wp\/v2\/pages\/706"}],"wp:attachment":[{"href":"https:\/\/massages-girard.fr\/en\/wp-json\/wp\/v2\/media?parent=248"}],"curies":[{"name":"wp","href":"https:\/\/api.w.org\/{rel}","templated":true}]}}