{"id":50,"date":"2021-12-10T02:07:24","date_gmt":"2021-12-10T01:07:24","guid":{"rendered":"https:\/\/massages-girard.fr\/?page_id=50"},"modified":"2025-12-20T00:13:50","modified_gmt":"2025-12-19T23:13:50","slug":"votre-praticien","status":"publish","type":"page","link":"https:\/\/massages-girard.fr\/en\/votre-praticien\/","title":{"rendered":"Votre Praticien"},"content":{"rendered":"<div class=\"wp-block-media-text alignwide is-stacked-on-mobile\" style=\"grid-template-columns:32% auto\"><figure class=\"wp-block-media-text__media\"><img data-recalc-dims=\"1\" loading=\"lazy\" decoding=\"async\" width=\"580\" height=\"870\" src=\"https:\/\/i0.wp.com\/massages-girard.fr\/wp-content\/uploads\/2025\/12\/XT42935-683x1024.jpg?resize=580%2C870&#038;ssl=1\" alt=\"\" class=\"wp-image-1119 size-full\" srcset=\"https:\/\/i0.wp.com\/massages-girard.fr\/wp-content\/uploads\/2025\/12\/XT42935-scaled.jpg?resize=683%2C1024&amp;ssl=1 683w, https:\/\/i0.wp.com\/massages-girard.fr\/wp-content\/uploads\/2025\/12\/XT42935-scaled.jpg?resize=200%2C300&amp;ssl=1 200w, https:\/\/i0.wp.com\/massages-girard.fr\/wp-content\/uploads\/2025\/12\/XT42935-scaled.jpg?resize=768%2C1152&amp;ssl=1 768w, https:\/\/i0.wp.com\/massages-girard.fr\/wp-content\/uploads\/2025\/12\/XT42935-scaled.jpg?resize=1024%2C1536&amp;ssl=1 1024w, https:\/\/i0.wp.com\/massages-girard.fr\/wp-content\/uploads\/2025\/12\/XT42935-scaled.jpg?resize=1365%2C2048&amp;ssl=1 1365w, https:\/\/i0.wp.com\/massages-girard.fr\/wp-content\/uploads\/2025\/12\/XT42935-scaled.jpg?resize=8%2C12&amp;ssl=1 8w, https:\/\/i0.wp.com\/massages-girard.fr\/wp-content\/uploads\/2025\/12\/XT42935-scaled.jpg?resize=1200%2C1800&amp;ssl=1 1200w, https:\/\/i0.wp.com\/massages-girard.fr\/wp-content\/uploads\/2025\/12\/XT42935-scaled.jpg?resize=1980%2C2970&amp;ssl=1 1980w, https:\/\/i0.wp.com\/massages-girard.fr\/wp-content\/uploads\/2025\/12\/XT42935-scaled.jpg?resize=600%2C900&amp;ssl=1 600w, https:\/\/i0.wp.com\/massages-girard.fr\/wp-content\/uploads\/2025\/12\/XT42935-scaled.jpg?w=1707&amp;ssl=1 1707w\" sizes=\"auto, (max-width: 580px) 100vw, 580px\" \/><\/figure><div class=\"wp-block-media-text__content\">\n<p class=\"has-large-font-size\">J&rsquo;ai toujours pratiqu\u00e9 le massage, de fa\u00e7on intuitive. Vers 2010, suite \u00e0 des douleurs chroniques, j&rsquo;ai not\u00e9 que les massages effectu\u00e9s chez un kin\u00e9sith\u00e9rapeute \u00e9taient encore ce qui me soulageait le plus efficacement. Je me suis alors renseign\u00e9 sur des approches plus globales, car bien qu&rsquo;efficaces, je trouvais ces massages trop courts et localis\u00e9s exclusivement sur la zone douloureuse. C&rsquo;est ainsi que je me suis form\u00e9 \u00e0 l&rsquo;\u00e9cole Azenday, o\u00f9 j&rsquo;ai appris une dizaine de techniques.<\/p>\n<\/div><\/div>\n\n\n\n<div class=\"wp-block-media-text alignfull has-media-on-the-right is-stacked-on-mobile is-vertically-aligned-center is-style-default\" style=\"grid-template-columns:auto 56%\"><div class=\"wp-block-media-text__content\">\n<p class=\"has-large-font-size\">Le massage m&rsquo;a conduit \u00e0 travailler en salon, \u00e0 domicile et en entreprise. Ci-contre une d\u00e9monstration de amma sur chaise, lors d&rsquo;un s\u00e9minaire d&rsquo;entreprise.<\/p>\n<\/div><figure class=\"wp-block-media-text__media\"><img data-recalc-dims=\"1\" loading=\"lazy\" decoding=\"async\" width=\"580\" height=\"386\" src=\"https:\/\/i0.wp.com\/massages-girard.fr\/wp-content\/uploads\/2021\/12\/Low_Res_IMG_1143a.jpg?resize=580%2C386&#038;ssl=1\" alt=\"\" class=\"wp-image-120 size-full\" srcset=\"https:\/\/i0.wp.com\/massages-girard.fr\/wp-content\/uploads\/2021\/12\/Low_Res_IMG_1143a.jpg?w=800&amp;ssl=1 800w, https:\/\/i0.wp.com\/massages-girard.fr\/wp-content\/uploads\/2021\/12\/Low_Res_IMG_1143a.jpg?resize=300%2C200&amp;ssl=1 300w, https:\/\/i0.wp.com\/massages-girard.fr\/wp-content\/uploads\/2021\/12\/Low_Res_IMG_1143a.jpg?resize=768%2C512&amp;ssl=1 768w, https:\/\/i0.wp.com\/massages-girard.fr\/wp-content\/uploads\/2021\/12\/Low_Res_IMG_1143a.jpg?resize=600%2C400&amp;ssl=1 600w\" sizes=\"auto, (max-width: 580px) 100vw, 580px\" \/><\/figure><\/div>\n\n\n\n<p><\/p>","protected":false},"excerpt":{"rendered":"<p>J&rsquo;ai toujours pratiqu\u00e9 le massage, de fa\u00e7on intuitive. Vers 2010, suite \u00e0 des douleurs chroniques, j&rsquo;ai not\u00e9 que les massages effectu\u00e9s chez un kin\u00e9sith\u00e9rapeute \u00e9taient encore ce qui me soulageait le plus efficacement. Je me suis alors renseign\u00e9 sur des approches plus globales, car bien qu&rsquo;efficaces, je trouvais ces massages trop courts et localis\u00e9s exclusivement [&hellip;]<\/p>\n","protected":false},"author":1,"featured_media":0,"parent":0,"menu_order":0,"comment_status":"closed","ping_status":"closed","template":"","meta":{"_monsterinsights_skip_tracking":false,"_monsterinsights_sitenote_active":false,"_monsterinsights_sitenote_note":"","_monsterinsights_sitenote_category":0,"footnotes":""},"class_list":["post-50","page","type-page","status-publish","hentry"],"jetpack-related-posts":[{"id":245,"url":"https:\/\/massages-girard.fr\/en\/massages\/massage-californien-suedois\/","url_meta":{"origin":50,"position":0},"title":"Massage Californien-Su\u00e9dois","author":"admin7613","date":"30 January 2022","format":false,"excerpt":"A l\u2019origine, le Massage Californien est issu d\u2019une approche psycho-corporelle, visant \u00e0 r\u00e9soudre des probl\u00e9matiques psychologiques et \u00e9motionnelles en passant par le corps. Le Massage Su\u00e9dois quant \u00e0 lui, se concentre sur la lib\u00e9ration des capacit\u00e9s physiques. L\u2019alliance de ces 2 techniques produit un massage tr\u00e8s complet. Il comprend un\u2026","rel":"","context":"Similar post","block_context":{"text":"Similar post","link":""},"img":{"alt_text":"","src":"https:\/\/i0.wp.com\/massages-girard.fr\/wp-content\/uploads\/2022\/01\/DSC_0391.jpg?resize=350%2C200&ssl=1","width":350,"height":200,"srcset":"https:\/\/i0.wp.com\/massages-girard.fr\/wp-content\/uploads\/2022\/01\/DSC_0391.jpg?resize=350%2C200&ssl=1 1x, https:\/\/i0.wp.com\/massages-girard.fr\/wp-content\/uploads\/2022\/01\/DSC_0391.jpg?resize=525%2C300&ssl=1 1.5x, https:\/\/i0.wp.com\/massages-girard.fr\/wp-content\/uploads\/2022\/01\/DSC_0391.jpg?resize=700%2C400&ssl=1 2x"},"classes":[]},{"id":52,"url":"https:\/\/massages-girard.fr\/en\/vos-services\/","url_meta":{"origin":50,"position":1},"title":"B\u00e9n\u00e9fices","author":"admin7613","date":"10 December 2021","format":false,"excerpt":"Quelles que soient nos probl\u00e9matiques, les r\u00e9ponses ne sont pas les m\u00eames pour chacun. C'est pourquoi une discussion est toujours bienvenue avant la s\u00e9ance. Je suis \u00e0 votre \u00e9coute afin de proposer des solutions au plus pr\u00e8s de vos besoins. Anti-stress Un massage enveloppant, lent et appuy\u00e9 est souvent id\u00e9al\u2026","rel":"","context":"Similar post","block_context":{"text":"Similar post","link":""},"img":{"alt_text":"","src":"","width":0,"height":0},"classes":[]},{"id":267,"url":"https:\/\/massages-girard.fr\/en\/massages\/relaxation-coreenne\/","url_meta":{"origin":50,"position":2},"title":"Relaxation Cor\u00e9enne","author":"admin7613","date":"31 January 2022","format":false,"excerpt":"La Relaxation Cor\u00e9enne se d\u00e9marque radicalement des autres techniques. En effet, il ne s\u2019agit pas d\u2019un massage dans le sens o\u00f9 on l\u2019entend habituellement. Extr\u00eamement efficace pour soulager le stress, elle apaise l'esprit et d\u00e9charge le syst\u00e8me nerveux des tensions parasites. C\u2019est un excellent outil pour travailler le\u00a0l\u00e2cher-prise. Les tensions\u2026","rel":"","context":"Similar post","block_context":{"text":"Similar post","link":""},"img":{"alt_text":"","src":"https:\/\/i0.wp.com\/massages-girard.fr\/wp-content\/uploads\/2022\/01\/Relax-Co-533x533-DSC_0293.jpg?resize=350%2C200&ssl=1","width":350,"height":200,"srcset":"https:\/\/i0.wp.com\/massages-girard.fr\/wp-content\/uploads\/2022\/01\/Relax-Co-533x533-DSC_0293.jpg?resize=350%2C200&ssl=1 1x, https:\/\/i0.wp.com\/massages-girard.fr\/wp-content\/uploads\/2022\/01\/Relax-Co-533x533-DSC_0293.jpg?resize=525%2C300&ssl=1 1.5x"},"classes":[]},{"id":252,"url":"https:\/\/massages-girard.fr\/en\/massages\/massage-thai-traditionnel\/","url_meta":{"origin":50,"position":3},"title":"Massage Tha\u00ef Traditionnel","author":"admin7613","date":"30 January 2022","format":false,"excerpt":"Ce massage n\u00e9 il y a plus de 2000 ans a \u00e9t\u00e9 import\u00e9 en Tha\u00eflande par des moines boudhistes venus d'Inde. Il procure \u00e0 la fois d\u00e9tente et vitalit\u00e9. Les pressions exerc\u00e9es sur les m\u00e9ridiens lib\u00e8rent les flux d'\u00e9nergie, d\u00e9tendent les muscles et apaisent l'esprit. Les \u00e9tirements et mobilisations assouplissent\u2026","rel":"","context":"Similar post","block_context":{"text":"Similar post","link":""},"img":{"alt_text":"","src":"https:\/\/i0.wp.com\/massages-girard.fr\/wp-content\/uploads\/2022\/01\/DSC_0243.jpg?resize=350%2C200&ssl=1","width":350,"height":200,"srcset":"https:\/\/i0.wp.com\/massages-girard.fr\/wp-content\/uploads\/2022\/01\/DSC_0243.jpg?resize=350%2C200&ssl=1 1x, https:\/\/i0.wp.com\/massages-girard.fr\/wp-content\/uploads\/2022\/01\/DSC_0243.jpg?resize=525%2C300&ssl=1 1.5x, https:\/\/i0.wp.com\/massages-girard.fr\/wp-content\/uploads\/2022\/01\/DSC_0243.jpg?resize=700%2C400&ssl=1 2x"},"classes":[]},{"id":248,"url":"https:\/\/massages-girard.fr\/en\/massages\/reflexologie-plantaire-thai\/","url_meta":{"origin":50,"position":4},"title":"R\u00e9flexologie Plantaire Tha\u00ef","author":"admin7613","date":"30 January 2022","format":false,"excerpt":"La r\u00e9flexologie plantaire tha\u00ef est un massage complet et minutieux des pieds et des mollets, qui trouve ses origines dans la m\u00e9decine chinoise et l\u2019ayurv\u00e9da (\u00ab\u00a0science de la vie\u00a0\u00bb indienne). L'effet le plus \u00e9vident est une sensation de grande l\u00e9g\u00e8ret\u00e9 dans les jambes. Mais vous remarquerez aussi, bien que le\u2026","rel":"","context":"Similar post","block_context":{"text":"Similar post","link":""},"img":{"alt_text":"","src":"https:\/\/i0.wp.com\/massages-girard.fr\/wp-content\/uploads\/2022\/01\/DSC_0336.jpg?resize=350%2C200&ssl=1","width":350,"height":200,"srcset":"https:\/\/i0.wp.com\/massages-girard.fr\/wp-content\/uploads\/2022\/01\/DSC_0336.jpg?resize=350%2C200&ssl=1 1x, https:\/\/i0.wp.com\/massages-girard.fr\/wp-content\/uploads\/2022\/01\/DSC_0336.jpg?resize=525%2C300&ssl=1 1.5x"},"classes":[]},{"id":769,"url":"https:\/\/massages-girard.fr\/en\/massages\/packs\/","url_meta":{"origin":50,"position":5},"title":"Les Packs Zen","author":"admin7613","date":"4 September 2024","format":false,"excerpt":"Les effets d'un massage ne durent pas ind\u00e9finiment ... Seule une pratique r\u00e9guli\u00e8re permet de maintenir les b\u00e9n\u00e9fices ! C'est pourquoi je vous propose diff\u00e9rentes formules : Le Pack Soin du Dos Les Packs Zen Les Packs Personnalis\u00e9s Faites-vous plaisir et restez au top toute l'ann\u00e9e, en plus de b\u00e9n\u00e9ficier\u2026","rel":"","context":"Similar post","block_context":{"text":"Similar post","link":""},"img":{"alt_text":"","src":"https:\/\/i0.wp.com\/massages-girard.fr\/wp-content\/uploads\/2025\/10\/2025-Tarifs-abo-600x632px.png?resize=350%2C200&ssl=1","width":350,"height":200,"srcset":"https:\/\/i0.wp.com\/massages-girard.fr\/wp-content\/uploads\/2025\/10\/2025-Tarifs-abo-600x632px.png?resize=350%2C200&ssl=1 1x, https:\/\/i0.wp.com\/massages-girard.fr\/wp-content\/uploads\/2025\/10\/2025-Tarifs-abo-600x632px.png?resize=525%2C300&ssl=1 1.5x"},"classes":[]}],"jetpack_sharing_enabled":true,"_links":{"self":[{"href":"https:\/\/massages-girard.fr\/en\/wp-json\/wp\/v2\/pages\/50","targetHints":{"allow":["GET"]}}],"collection":[{"href":"https:\/\/massages-girard.fr\/en\/wp-json\/wp\/v2\/pages"}],"about":[{"href":"https:\/\/massages-girard.fr\/en\/wp-json\/wp\/v2\/types\/page"}],"author":[{"embeddable":true,"href":"https:\/\/massages-girard.fr\/en\/wp-json\/wp\/v2\/users\/1"}],"replies":[{"embeddable":true,"href":"https:\/\/massages-girard.fr\/en\/wp-json\/wp\/v2\/comments?post=50"}],"version-history":[{"count":3,"href":"https:\/\/massages-girard.fr\/en\/wp-json\/wp\/v2\/pages\/50\/revisions"}],"predecessor-version":[{"id":1121,"href":"https:\/\/massages-girard.fr\/en\/wp-json\/wp\/v2\/pages\/50\/revisions\/1121"}],"wp:attachment":[{"href":"https:\/\/massages-girard.fr\/en\/wp-json\/wp\/v2\/media?parent=50"}],"curies":[{"name":"wp","href":"https:\/\/api.w.org\/{rel}","templated":true}]}}