{"id":706,"date":"2024-08-19T10:34:35","date_gmt":"2024-08-19T08:34:35","guid":{"rendered":"https:\/\/massages-girard.fr\/?page_id=706"},"modified":"2026-04-26T11:17:49","modified_gmt":"2026-04-26T09:17:49","slug":"massages","status":"publish","type":"page","link":"https:\/\/massages-girard.fr\/en\/massages\/","title":{"rendered":"Massages &#038; Tarifs"},"content":{"rendered":"<div class=\"wp-block-columns alignwide is-layout-flex wp-container-core-columns-is-layout-9d6595d7 wp-block-columns-is-layout-flex\">\n<div class=\"wp-block-column is-layout-flow wp-block-column-is-layout-flow\">\n<figure class=\"wp-block-image size-full\"><a href=\"https:\/\/massages-girard.fr\/en\/product-category\/cadeaux\/\"><img data-recalc-dims=\"1\" loading=\"lazy\" decoding=\"async\" width=\"500\" height=\"100\" src=\"https:\/\/i0.wp.com\/massages-girard.fr\/wp-content\/uploads\/2024\/08\/Buton-Cartes-Cadeaux.png?resize=500%2C100\" alt=\"\" class=\"wp-image-724\" srcset=\"https:\/\/i0.wp.com\/massages-girard.fr\/wp-content\/uploads\/2024\/08\/Buton-Cartes-Cadeaux.png?w=500&amp;ssl=1 500w, https:\/\/i0.wp.com\/massages-girard.fr\/wp-content\/uploads\/2024\/08\/Buton-Cartes-Cadeaux.png?resize=300%2C60&amp;ssl=1 300w\" sizes=\"auto, (max-width: 500px) 100vw, 500px\" \/><\/a><\/figure>\n<\/div>\n\n\n\n<div class=\"wp-block-column is-layout-flow wp-block-column-is-layout-flow\">\n<figure class=\"wp-block-image size-full\"><a href=\"https:\/\/massages-girard.fr\/en\/massages-1\/packs\/\"><img data-recalc-dims=\"1\" loading=\"lazy\" decoding=\"async\" width=\"500\" height=\"100\" src=\"https:\/\/i0.wp.com\/massages-girard.fr\/wp-content\/uploads\/2024\/08\/Bouton-Abo.png?resize=500%2C100\" alt=\"\" class=\"wp-image-725\" srcset=\"https:\/\/i0.wp.com\/massages-girard.fr\/wp-content\/uploads\/2024\/08\/Bouton-Abo.png?w=500&amp;ssl=1 500w, https:\/\/i0.wp.com\/massages-girard.fr\/wp-content\/uploads\/2024\/08\/Bouton-Abo.png?resize=300%2C60&amp;ssl=1 300w\" sizes=\"auto, (max-width: 500px) 100vw, 500px\" \/><\/a><\/figure>\n<\/div>\n\n\n\n<div class=\"wp-block-column is-layout-flow wp-block-column-is-layout-flow\">\n<figure class=\"wp-block-image size-full\"><a href=\"https:\/\/massages-girard.fr\/en\/drainage-lymphatique\/\"><img data-recalc-dims=\"1\" loading=\"lazy\" decoding=\"async\" width=\"500\" height=\"100\" src=\"https:\/\/i0.wp.com\/massages-girard.fr\/wp-content\/uploads\/2024\/08\/Bouton-Cures.png?resize=500%2C100\" alt=\"\" class=\"wp-image-726\" srcset=\"https:\/\/i0.wp.com\/massages-girard.fr\/wp-content\/uploads\/2024\/08\/Bouton-Cures.png?w=500&amp;ssl=1 500w, https:\/\/i0.wp.com\/massages-girard.fr\/wp-content\/uploads\/2024\/08\/Bouton-Cures.png?resize=300%2C60&amp;ssl=1 300w\" sizes=\"auto, (max-width: 500px) 100vw, 500px\" \/><\/a><\/figure>\n<\/div>\n<\/div>\n\n\n\n<div class=\"wp-block-columns alignwide is-layout-flex wp-container-core-columns-is-layout-9d6595d7 wp-block-columns-is-layout-flex\">\n<div class=\"wp-block-column is-layout-flow wp-block-column-is-layout-flow\">\n<figure class=\"wp-block-image aligncenter size-full is-resized\"><img data-recalc-dims=\"1\" loading=\"lazy\" decoding=\"async\" width=\"580\" height=\"611\" src=\"https:\/\/i0.wp.com\/massages-girard.fr\/wp-content\/uploads\/2026\/04\/v2026.png?resize=580%2C611&#038;ssl=1\" alt=\"\" class=\"wp-image-1144\" style=\"width:516px;height:auto\" srcset=\"https:\/\/i0.wp.com\/massages-girard.fr\/wp-content\/uploads\/2026\/04\/v2026.png?w=600&amp;ssl=1 600w, https:\/\/i0.wp.com\/massages-girard.fr\/wp-content\/uploads\/2026\/04\/v2026.png?resize=285%2C300&amp;ssl=1 285w, https:\/\/i0.wp.com\/massages-girard.fr\/wp-content\/uploads\/2026\/04\/v2026.png?resize=11%2C12&amp;ssl=1 11w\" sizes=\"auto, (max-width: 580px) 100vw, 580px\" \/><\/figure>\n<\/div>\n<\/div>\n\n\n\n<h2 class=\"wp-block-heading has-text-align-center\">Les techniques<\/h2>\n\n\n\n<div class=\"wp-block-columns alignfull is-layout-flex wp-container-core-columns-is-layout-9d6595d7 wp-block-columns-is-layout-flex\">\n<div class=\"wp-block-column is-layout-flow wp-block-column-is-layout-flow\">\n<figure class=\"wp-block-image aligncenter size-full is-resized\"><img data-recalc-dims=\"1\" loading=\"lazy\" decoding=\"async\" width=\"500\" height=\"500\" src=\"https:\/\/i0.wp.com\/massages-girard.fr\/wp-content\/uploads\/2024\/08\/Massage-Signature-MdJ.png?resize=500%2C500&#038;ssl=1\" alt=\"\" class=\"wp-image-753\" style=\"width:393px;height:auto\" srcset=\"https:\/\/i0.wp.com\/massages-girard.fr\/wp-content\/uploads\/2024\/08\/Massage-Signature-MdJ.png?w=500&amp;ssl=1 500w, https:\/\/i0.wp.com\/massages-girard.fr\/wp-content\/uploads\/2024\/08\/Massage-Signature-MdJ.png?resize=300%2C300&amp;ssl=1 300w, https:\/\/i0.wp.com\/massages-girard.fr\/wp-content\/uploads\/2024\/08\/Massage-Signature-MdJ.png?resize=150%2C150&amp;ssl=1 150w, https:\/\/i0.wp.com\/massages-girard.fr\/wp-content\/uploads\/2024\/08\/Massage-Signature-MdJ.png?resize=450%2C450&amp;ssl=1 450w, https:\/\/i0.wp.com\/massages-girard.fr\/wp-content\/uploads\/2024\/08\/Massage-Signature-MdJ.png?resize=100%2C100&amp;ssl=1 100w\" sizes=\"auto, (max-width: 500px) 100vw, 500px\" \/><figcaption class=\"wp-element-caption\">Massage complet et personnalis\u00e9.<br>Techniques vari\u00e9es, adapt\u00e9es \u00e0 vos besoins. D\u00e9noue et relaxe en profondeur.<\/figcaption><\/figure>\n\n\n\n<p><\/p>\n\n\n\n<p><\/p>\n<\/div>\n\n\n\n<div class=\"wp-block-column is-layout-flow wp-block-column-is-layout-flow\">\n<figure class=\"wp-block-image aligncenter size-full is-resized\"><a href=\"https:\/\/massages-girard.fr\/en\/massages\/rituel-pierres-chaudes\/\"><img data-recalc-dims=\"1\" loading=\"lazy\" decoding=\"async\" width=\"580\" height=\"387\" src=\"https:\/\/i0.wp.com\/massages-girard.fr\/wp-content\/uploads\/2025\/12\/00-Site-_XT42637b-scaled.jpg?resize=580%2C387&#038;ssl=1\" alt=\"\" class=\"wp-image-1130\" style=\"width:393px;height:auto\" srcset=\"https:\/\/i0.wp.com\/massages-girard.fr\/wp-content\/uploads\/2025\/12\/00-Site-_XT42637b-scaled.jpg?w=2560&amp;ssl=1 2560w, https:\/\/i0.wp.com\/massages-girard.fr\/wp-content\/uploads\/2025\/12\/00-Site-_XT42637b-scaled.jpg?resize=300%2C200&amp;ssl=1 300w, https:\/\/i0.wp.com\/massages-girard.fr\/wp-content\/uploads\/2025\/12\/00-Site-_XT42637b-scaled.jpg?resize=1024%2C683&amp;ssl=1 1024w, https:\/\/i0.wp.com\/massages-girard.fr\/wp-content\/uploads\/2025\/12\/00-Site-_XT42637b-scaled.jpg?resize=768%2C512&amp;ssl=1 768w, https:\/\/i0.wp.com\/massages-girard.fr\/wp-content\/uploads\/2025\/12\/00-Site-_XT42637b-scaled.jpg?resize=1536%2C1024&amp;ssl=1 1536w, https:\/\/i0.wp.com\/massages-girard.fr\/wp-content\/uploads\/2025\/12\/00-Site-_XT42637b-scaled.jpg?resize=2048%2C1365&amp;ssl=1 2048w, https:\/\/i0.wp.com\/massages-girard.fr\/wp-content\/uploads\/2025\/12\/00-Site-_XT42637b-scaled.jpg?resize=18%2C12&amp;ssl=1 18w, https:\/\/i0.wp.com\/massages-girard.fr\/wp-content\/uploads\/2025\/12\/00-Site-_XT42637b-scaled.jpg?resize=1200%2C800&amp;ssl=1 1200w, https:\/\/i0.wp.com\/massages-girard.fr\/wp-content\/uploads\/2025\/12\/00-Site-_XT42637b-scaled.jpg?resize=1980%2C1320&amp;ssl=1 1980w, https:\/\/i0.wp.com\/massages-girard.fr\/wp-content\/uploads\/2025\/12\/00-Site-_XT42637b-scaled.jpg?resize=600%2C400&amp;ssl=1 600w, https:\/\/i0.wp.com\/massages-girard.fr\/wp-content\/uploads\/2025\/12\/00-Site-_XT42637b-scaled.jpg?w=1740 1740w\" sizes=\"auto, (max-width: 580px) 100vw, 580px\" \/><\/a><figcaption class=\"wp-element-caption\">S\u00e9ance Premium. Travail sur les chakras. Vrai massage : pierres statiques et pressions gliss\u00e9es. D\u00e9tente profonde \u00e0 tous les niveaux.<\/figcaption><\/figure>\n<\/div>\n\n\n\n<div class=\"wp-block-column is-layout-flow wp-block-column-is-layout-flow\">\n<figure class=\"wp-block-image aligncenter size-full\"><a href=\"https:\/\/massages-girard.fr\/en\/massages\/reflexologie-plantaire-thai\/\"><img data-recalc-dims=\"1\" loading=\"lazy\" decoding=\"async\" width=\"500\" height=\"500\" src=\"https:\/\/i0.wp.com\/massages-girard.fr\/wp-content\/uploads\/2024\/08\/Reflexologie-Thai-1.png?resize=500%2C500&#038;ssl=1\" alt=\"\" class=\"wp-image-755\" srcset=\"https:\/\/i0.wp.com\/massages-girard.fr\/wp-content\/uploads\/2024\/08\/Reflexologie-Thai-1.png?w=500&amp;ssl=1 500w, https:\/\/i0.wp.com\/massages-girard.fr\/wp-content\/uploads\/2024\/08\/Reflexologie-Thai-1.png?resize=300%2C300&amp;ssl=1 300w, https:\/\/i0.wp.com\/massages-girard.fr\/wp-content\/uploads\/2024\/08\/Reflexologie-Thai-1.png?resize=150%2C150&amp;ssl=1 150w, https:\/\/i0.wp.com\/massages-girard.fr\/wp-content\/uploads\/2024\/08\/Reflexologie-Thai-1.png?resize=450%2C450&amp;ssl=1 450w, https:\/\/i0.wp.com\/massages-girard.fr\/wp-content\/uploads\/2024\/08\/Reflexologie-Thai-1.png?resize=100%2C100&amp;ssl=1 100w\" sizes=\"auto, (max-width: 500px) 100vw, 500px\" \/><\/a><figcaption class=\"wp-element-caption\">Stimulation des points r\u00e9flexes li\u00e9s aux organes. All\u00e8ge les jambes, calme le mental.<\/figcaption><\/figure>\n<\/div>\n<\/div>\n\n\n\n<div class=\"wp-block-columns alignfull is-layout-flex wp-container-core-columns-is-layout-9d6595d7 wp-block-columns-is-layout-flex\">\n<div class=\"wp-block-column is-layout-flow wp-block-column-is-layout-flow\"><\/div>\n\n\n\n<div class=\"wp-block-column is-layout-flow wp-block-column-is-layout-flow\"><\/div>\n\n\n\n<div class=\"wp-block-column is-layout-flow wp-block-column-is-layout-flow\"><\/div>\n<\/div>\n\n\n\n<div class=\"wp-block-columns alignwide is-layout-flex wp-container-core-columns-is-layout-9d6595d7 wp-block-columns-is-layout-flex\">\n<div class=\"wp-block-column is-layout-flow wp-block-column-is-layout-flow\">\n<figure class=\"wp-block-image size-full\"><a href=\"https:\/\/massages-girard.fr\/en\/product-category\/cadeaux\/\" target=\"_blank\" rel=\"noreferrer noopener\"><img data-recalc-dims=\"1\" loading=\"lazy\" decoding=\"async\" width=\"500\" height=\"100\" src=\"https:\/\/i0.wp.com\/massages-girard.fr\/wp-content\/uploads\/2024\/08\/Buton-Cartes-Cadeaux.png?resize=500%2C100\" alt=\"\" class=\"wp-image-724\" srcset=\"https:\/\/i0.wp.com\/massages-girard.fr\/wp-content\/uploads\/2024\/08\/Buton-Cartes-Cadeaux.png?w=500&amp;ssl=1 500w, https:\/\/i0.wp.com\/massages-girard.fr\/wp-content\/uploads\/2024\/08\/Buton-Cartes-Cadeaux.png?resize=300%2C60&amp;ssl=1 300w\" sizes=\"auto, (max-width: 500px) 100vw, 500px\" \/><\/a><\/figure>\n<\/div>\n\n\n\n<div class=\"wp-block-column is-layout-flow wp-block-column-is-layout-flow\">\n<figure class=\"wp-block-image size-full\"><a href=\"https:\/\/massages-girard.fr\/en\/massages-1\/packs\/\" target=\"_blank\" rel=\"noreferrer noopener\"><img data-recalc-dims=\"1\" loading=\"lazy\" decoding=\"async\" width=\"500\" height=\"100\" src=\"https:\/\/i0.wp.com\/massages-girard.fr\/wp-content\/uploads\/2024\/08\/Bouton-Abo.png?resize=500%2C100\" alt=\"\" class=\"wp-image-725\" srcset=\"https:\/\/i0.wp.com\/massages-girard.fr\/wp-content\/uploads\/2024\/08\/Bouton-Abo.png?w=500&amp;ssl=1 500w, https:\/\/i0.wp.com\/massages-girard.fr\/wp-content\/uploads\/2024\/08\/Bouton-Abo.png?resize=300%2C60&amp;ssl=1 300w\" sizes=\"auto, (max-width: 500px) 100vw, 500px\" \/><\/a><\/figure>\n<\/div>\n\n\n\n<div class=\"wp-block-column is-layout-flow wp-block-column-is-layout-flow\">\n<figure class=\"wp-block-image size-full\"><a href=\"https:\/\/massages-girard.fr\/en\/massages\/minceur\/\" target=\"_blank\" rel=\"noreferrer noopener\"><img data-recalc-dims=\"1\" loading=\"lazy\" decoding=\"async\" width=\"500\" height=\"100\" src=\"https:\/\/i0.wp.com\/massages-girard.fr\/wp-content\/uploads\/2024\/08\/Bouton-Cures.png?resize=500%2C100\" alt=\"\" class=\"wp-image-726\" srcset=\"https:\/\/i0.wp.com\/massages-girard.fr\/wp-content\/uploads\/2024\/08\/Bouton-Cures.png?w=500&amp;ssl=1 500w, https:\/\/i0.wp.com\/massages-girard.fr\/wp-content\/uploads\/2024\/08\/Bouton-Cures.png?resize=300%2C60&amp;ssl=1 300w\" sizes=\"auto, (max-width: 500px) 100vw, 500px\" \/><\/a><\/figure>\n<\/div>\n<\/div>\n\n\n\n<div class=\"wp-block-columns alignfull is-layout-flex wp-container-core-columns-is-layout-9d6595d7 wp-block-columns-is-layout-flex\">\n<div class=\"wp-block-column is-layout-flow wp-block-column-is-layout-flow\"><\/div>\n<\/div>\n\n\n\n<p><\/p>","protected":false},"excerpt":{"rendered":"<p>Les techniques<\/p>","protected":false},"author":1,"featured_media":0,"parent":0,"menu_order":0,"comment_status":"closed","ping_status":"closed","template":"","meta":{"_monsterinsights_skip_tracking":false,"_monsterinsights_sitenote_active":false,"_monsterinsights_sitenote_note":"","_monsterinsights_sitenote_category":0,"footnotes":""},"class_list":["post-706","page","type-page","status-publish","hentry"],"jetpack-related-posts":[{"id":769,"url":"https:\/\/massages-girard.fr\/en\/massages\/packs\/","url_meta":{"origin":706,"position":0},"title":"Les Packs Zen","author":"admin7613","date":"4 September 2024","format":false,"excerpt":"Les effets d'un massage ne durent pas ind\u00e9finiment ... Seule une pratique r\u00e9guli\u00e8re permet de maintenir les b\u00e9n\u00e9fices ! C'est pourquoi je vous propose diff\u00e9rentes formules : Le Pack Soin du Dos Les Packs Zen Les Packs Personnalis\u00e9s Faites-vous plaisir et restez au top toute l'ann\u00e9e, en plus de b\u00e9n\u00e9ficier\u2026","rel":"","context":"Similar post","block_context":{"text":"Similar post","link":""},"img":{"alt_text":"","src":"https:\/\/i0.wp.com\/massages-girard.fr\/wp-content\/uploads\/2025\/10\/2025-Tarifs-abo-600x632px.png?resize=350%2C200&ssl=1","width":350,"height":200,"srcset":"https:\/\/i0.wp.com\/massages-girard.fr\/wp-content\/uploads\/2025\/10\/2025-Tarifs-abo-600x632px.png?resize=350%2C200&ssl=1 1x, https:\/\/i0.wp.com\/massages-girard.fr\/wp-content\/uploads\/2025\/10\/2025-Tarifs-abo-600x632px.png?resize=525%2C300&ssl=1 1.5x"},"classes":[]},{"id":103,"url":"https:\/\/massages-girard.fr\/en\/cgv\/","url_meta":{"origin":706,"position":1},"title":"CONDITIONS G\u00c9N\u00c9RALES DE VENTE","author":"admin7613","date":"11 December 2021","format":false,"excerpt":"ARTICLE 1 - G\u00e9n\u00e9ralit\u00e9s Les pr\u00e9sentes Conditions G\u00e9n\u00e9rales des Ventes (CGV) s\u2019appliquent, sans restriction ni r\u00e9serve, \u00e0 l\u2019ensemble des prestations propos\u00e9es par \u00ab Jean-Philippe GIRARD \u00bb, entreprise individuelle d\u00e9nomm\u00e9e ci-dessous \u00ab Mains de Jouvence \u00bb immatricul\u00e9e par Jean-Philippe GIRARD sous le num\u00e9ro SIRET 81503585200012, et ce, \u00e0 l\u2019ensemble de ses\u2026","rel":"","context":"Similar post","block_context":{"text":"Similar post","link":""},"img":{"alt_text":"","src":"","width":0,"height":0},"classes":[]},{"id":238,"url":"https:\/\/massages-girard.fr\/en\/massages\/massage-indien-ayurvedique-abhyanga\/","url_meta":{"origin":706,"position":2},"title":"Massage Indien Ayurv\u00e9dique Abhyanga","author":"admin7613","date":"30 January 2022","format":false,"excerpt":"Originaire du Sud de l'Inde, ce massage enveloppant est issu de l'Ayurveda : la m\u00e9decine traditionnelle indienne. Abhyanga peut se traduire par \"massage \u00e0 l'huile\".Ce massage permet de se recentrer, d'activer la circulation de l'\u00e9nergie, de conscientiser les diff\u00e9rentes parties du corps et renforcer le lien corps-esprit. Il est caract\u00e9ris\u00e9\u2026","rel":"","context":"Similar post","block_context":{"text":"Similar post","link":""},"img":{"alt_text":"","src":"https:\/\/i0.wp.com\/massages-girard.fr\/wp-content\/uploads\/2022\/01\/DSC_0352c-800x515-1.jpg?resize=350%2C200&ssl=1","width":350,"height":200,"srcset":"https:\/\/i0.wp.com\/massages-girard.fr\/wp-content\/uploads\/2022\/01\/DSC_0352c-800x515-1.jpg?resize=350%2C200&ssl=1 1x, https:\/\/i0.wp.com\/massages-girard.fr\/wp-content\/uploads\/2022\/01\/DSC_0352c-800x515-1.jpg?resize=525%2C300&ssl=1 1.5x, https:\/\/i0.wp.com\/massages-girard.fr\/wp-content\/uploads\/2022\/01\/DSC_0352c-800x515-1.jpg?resize=700%2C400&ssl=1 2x"},"classes":[]},{"id":245,"url":"https:\/\/massages-girard.fr\/en\/massages\/massage-californien-suedois\/","url_meta":{"origin":706,"position":3},"title":"Massage Californien-Su\u00e9dois","author":"admin7613","date":"30 January 2022","format":false,"excerpt":"A l\u2019origine, le Massage Californien est issu d\u2019une approche psycho-corporelle, visant \u00e0 r\u00e9soudre des probl\u00e9matiques psychologiques et \u00e9motionnelles en passant par le corps. Le Massage Su\u00e9dois quant \u00e0 lui, se concentre sur la lib\u00e9ration des capacit\u00e9s physiques. L\u2019alliance de ces 2 techniques produit un massage tr\u00e8s complet. Il comprend un\u2026","rel":"","context":"Similar post","block_context":{"text":"Similar post","link":""},"img":{"alt_text":"","src":"https:\/\/i0.wp.com\/massages-girard.fr\/wp-content\/uploads\/2022\/01\/DSC_0391.jpg?resize=350%2C200&ssl=1","width":350,"height":200,"srcset":"https:\/\/i0.wp.com\/massages-girard.fr\/wp-content\/uploads\/2022\/01\/DSC_0391.jpg?resize=350%2C200&ssl=1 1x, https:\/\/i0.wp.com\/massages-girard.fr\/wp-content\/uploads\/2022\/01\/DSC_0391.jpg?resize=525%2C300&ssl=1 1.5x, https:\/\/i0.wp.com\/massages-girard.fr\/wp-content\/uploads\/2022\/01\/DSC_0391.jpg?resize=700%2C400&ssl=1 2x"},"classes":[]},{"id":252,"url":"https:\/\/massages-girard.fr\/en\/massages\/massage-thai-traditionnel\/","url_meta":{"origin":706,"position":4},"title":"Massage Tha\u00ef Traditionnel","author":"admin7613","date":"30 January 2022","format":false,"excerpt":"Ce massage n\u00e9 il y a plus de 2000 ans a \u00e9t\u00e9 import\u00e9 en Tha\u00eflande par des moines boudhistes venus d'Inde. Il procure \u00e0 la fois d\u00e9tente et vitalit\u00e9. Les pressions exerc\u00e9es sur les m\u00e9ridiens lib\u00e8rent les flux d'\u00e9nergie, d\u00e9tendent les muscles et apaisent l'esprit. Les \u00e9tirements et mobilisations assouplissent\u2026","rel":"","context":"Similar post","block_context":{"text":"Similar post","link":""},"img":{"alt_text":"","src":"https:\/\/i0.wp.com\/massages-girard.fr\/wp-content\/uploads\/2022\/01\/DSC_0243.jpg?resize=350%2C200&ssl=1","width":350,"height":200,"srcset":"https:\/\/i0.wp.com\/massages-girard.fr\/wp-content\/uploads\/2022\/01\/DSC_0243.jpg?resize=350%2C200&ssl=1 1x, https:\/\/i0.wp.com\/massages-girard.fr\/wp-content\/uploads\/2022\/01\/DSC_0243.jpg?resize=525%2C300&ssl=1 1.5x, https:\/\/i0.wp.com\/massages-girard.fr\/wp-content\/uploads\/2022\/01\/DSC_0243.jpg?resize=700%2C400&ssl=1 2x"},"classes":[]},{"id":50,"url":"https:\/\/massages-girard.fr\/en\/votre-praticien\/","url_meta":{"origin":706,"position":5},"title":"Votre Praticien","author":"admin7613","date":"10 December 2021","format":false,"excerpt":"J'ai toujours pratiqu\u00e9 le massage, de fa\u00e7on intuitive. Vers 2010, suite \u00e0 des douleurs chroniques, j'ai not\u00e9 que les massages effectu\u00e9s chez un kin\u00e9sith\u00e9rapeute \u00e9taient encore ce qui me soulageait le plus efficacement. Je me suis alors renseign\u00e9 sur des approches plus globales, car bien qu'efficaces, je trouvais ces massages\u2026","rel":"","context":"Similar post","block_context":{"text":"Similar post","link":""},"img":{"alt_text":"","src":"https:\/\/i0.wp.com\/massages-girard.fr\/wp-content\/uploads\/2021\/12\/Low_Res_IMG_1143a.jpg?resize=350%2C200&ssl=1","width":350,"height":200,"srcset":"https:\/\/i0.wp.com\/massages-girard.fr\/wp-content\/uploads\/2021\/12\/Low_Res_IMG_1143a.jpg?resize=350%2C200&ssl=1 1x, https:\/\/i0.wp.com\/massages-girard.fr\/wp-content\/uploads\/2021\/12\/Low_Res_IMG_1143a.jpg?resize=525%2C300&ssl=1 1.5x, https:\/\/i0.wp.com\/massages-girard.fr\/wp-content\/uploads\/2021\/12\/Low_Res_IMG_1143a.jpg?resize=700%2C400&ssl=1 2x"},"classes":[]}],"jetpack_sharing_enabled":true,"_links":{"self":[{"href":"https:\/\/massages-girard.fr\/en\/wp-json\/wp\/v2\/pages\/706","targetHints":{"allow":["GET"]}}],"collection":[{"href":"https:\/\/massages-girard.fr\/en\/wp-json\/wp\/v2\/pages"}],"about":[{"href":"https:\/\/massages-girard.fr\/en\/wp-json\/wp\/v2\/types\/page"}],"author":[{"embeddable":true,"href":"https:\/\/massages-girard.fr\/en\/wp-json\/wp\/v2\/users\/1"}],"replies":[{"embeddable":true,"href":"https:\/\/massages-girard.fr\/en\/wp-json\/wp\/v2\/comments?post=706"}],"version-history":[{"count":40,"href":"https:\/\/massages-girard.fr\/en\/wp-json\/wp\/v2\/pages\/706\/revisions"}],"predecessor-version":[{"id":1147,"href":"https:\/\/massages-girard.fr\/en\/wp-json\/wp\/v2\/pages\/706\/revisions\/1147"}],"wp:attachment":[{"href":"https:\/\/massages-girard.fr\/en\/wp-json\/wp\/v2\/media?parent=706"}],"curies":[{"name":"wp","href":"https:\/\/api.w.org\/{rel}","templated":true}]}}