{"id":769,"date":"2024-09-04T21:08:10","date_gmt":"2024-09-04T19:08:10","guid":{"rendered":"https:\/\/massages-girard.fr\/?page_id=769"},"modified":"2025-10-17T01:04:55","modified_gmt":"2025-10-16T23:04:55","slug":"packs","status":"publish","type":"page","link":"https:\/\/massages-girard.fr\/en\/massages\/packs\/","title":{"rendered":"Les Packs Zen"},"content":{"rendered":"<p class=\"has-text-align-center\">Les effets d&rsquo;un massage ne durent pas ind\u00e9finiment &#8230; Seule <strong>une pratique r\u00e9guli\u00e8re permet de maintenir les b\u00e9n\u00e9fices<\/strong> !<\/p>\n\n\n\n<p class=\"has-text-align-center\">C&rsquo;est pourquoi je vous propose diff\u00e9rentes formules : <\/p>\n\n\n\n<ul class=\"wp-block-list\">\n<li>Le Pack Soin du Dos<\/li>\n\n\n\n<li>Les Packs Zen <\/li>\n\n\n\n<li>Les Packs Personnalis\u00e9s <\/li>\n<\/ul>\n\n\n\n<p class=\"has-text-align-center\"><strong>Faites-vous plaisir<\/strong> et <strong>restez au top<\/strong> toute l&rsquo;ann\u00e9e, en plus de b\u00e9n\u00e9ficier d&rsquo;un <strong>tarif pr\u00e9f\u00e9rentiel<\/strong> !<\/p>\n\n\n\n<p><\/p>\n\n\n\n<h2 class=\"wp-block-heading has-text-align-center\"><strong>Pack <\/strong>Soin du Dos<\/h2>\n\n\n\n<p class=\"has-text-align-center\">La solution id\u00e9ale pour garder <strong>un dos en pleine sant\u00e9<\/strong> ! Avec des massages ultra-d\u00e9taill\u00e9s des lombaires, trap\u00e8zes, \u00e9paules, nuque, paravert\u00e9braux &#8230; Rien ne sera laiss\u00e9 au hasard !<\/p>\n\n\n\n<ul class=\"wp-block-list\">\n<li>Des <strong>s\u00e9ances r\u00e9guli\u00e8res et courtes<\/strong> <\/li>\n\n\n\n<li>Une approche personnalis\u00e9e pour <strong>cibler les points douloureux<\/strong> <\/li>\n\n\n\n<li>Sans oublier la <strong>touche enveloppante et relaxante<\/strong> qui fait le succ\u00e8s du Massage Signature (Californien, Su\u00e9dois et Lomi)<\/li>\n<\/ul>\n\n\n\n<figure class=\"wp-block-image aligncenter size-large is-resized\"><img data-recalc-dims=\"1\" loading=\"lazy\" decoding=\"async\" width=\"580\" height=\"725\" src=\"https:\/\/i0.wp.com\/massages-girard.fr\/wp-content\/uploads\/2025\/10\/2025-Pack-special-Dos-Site-819x1024.png?resize=580%2C725&#038;ssl=1\" alt=\"\" class=\"wp-image-1058\" style=\"width:411px;height:auto\" srcset=\"https:\/\/i0.wp.com\/massages-girard.fr\/wp-content\/uploads\/2025\/10\/2025-Pack-special-Dos-Site.png?resize=819%2C1024&amp;ssl=1 819w, https:\/\/i0.wp.com\/massages-girard.fr\/wp-content\/uploads\/2025\/10\/2025-Pack-special-Dos-Site.png?resize=240%2C300&amp;ssl=1 240w, https:\/\/i0.wp.com\/massages-girard.fr\/wp-content\/uploads\/2025\/10\/2025-Pack-special-Dos-Site.png?resize=768%2C960&amp;ssl=1 768w, https:\/\/i0.wp.com\/massages-girard.fr\/wp-content\/uploads\/2025\/10\/2025-Pack-special-Dos-Site.png?resize=10%2C12&amp;ssl=1 10w, https:\/\/i0.wp.com\/massages-girard.fr\/wp-content\/uploads\/2025\/10\/2025-Pack-special-Dos-Site.png?resize=600%2C750&amp;ssl=1 600w, https:\/\/i0.wp.com\/massages-girard.fr\/wp-content\/uploads\/2025\/10\/2025-Pack-special-Dos-Site.png?w=1080&amp;ssl=1 1080w\" sizes=\"auto, (max-width: 580px) 100vw, 580px\" \/><\/figure>\n\n\n\n<h2 class=\"wp-block-heading has-text-align-center\"><strong>Packs<\/strong> Zen<\/h2>\n\n\n\n<p class=\"has-text-align-center\">Formules bas\u00e9es sur des <strong>s\u00e9ances standards d&rsquo;une heure<\/strong>,  pour un travail complet de tout le corps ou sur des zones cibl\u00e9es pour un travail approfondi.<\/p>\n\n\n\n<ul class=\"wp-block-list\">\n<li>1 s\u00e9ance standard d&rsquo; 1h = toute technique, hors Pierres Chaudes<\/li>\n\n\n\n<li>1 Rituel Pierres Chaudes d&rsquo; 1h30 = 2 s\u00e9ances standard d&rsquo;une heure<\/li>\n\n\n\n<li>R\u00e8glement en 1x, 4x, 12x sans frais<\/li>\n<\/ul>\n\n\n\n<figure class=\"wp-block-image aligncenter size-full\"><img data-recalc-dims=\"1\" loading=\"lazy\" decoding=\"async\" width=\"580\" height=\"611\" src=\"https:\/\/i0.wp.com\/massages-girard.fr\/wp-content\/uploads\/2025\/10\/2025-Tarifs-abo-600x632px.png?resize=580%2C611&#038;ssl=1\" alt=\"\" class=\"wp-image-1060\" srcset=\"https:\/\/i0.wp.com\/massages-girard.fr\/wp-content\/uploads\/2025\/10\/2025-Tarifs-abo-600x632px.png?w=600&amp;ssl=1 600w, https:\/\/i0.wp.com\/massages-girard.fr\/wp-content\/uploads\/2025\/10\/2025-Tarifs-abo-600x632px.png?resize=285%2C300&amp;ssl=1 285w, https:\/\/i0.wp.com\/massages-girard.fr\/wp-content\/uploads\/2025\/10\/2025-Tarifs-abo-600x632px.png?resize=11%2C12&amp;ssl=1 11w\" sizes=\"auto, (max-width: 580px) 100vw, 580px\" \/><\/figure>\n\n\n\n<h2 class=\"wp-block-heading has-text-align-center\"><strong>Packs<\/strong> Personnalis\u00e9s<\/h2>\n\n\n\n<p class=\"has-text-align-center\">Les formules toutes faites ne sont pas pour vous ? Cr\u00e9ez votre propre Pack ! Tout est possible :<\/p>\n\n\n\n<ul class=\"wp-block-list\">\n<li>2x 30mn pour le dos + 4x 1h pour tout le corps<\/li>\n\n\n\n<li>2 Rituels pour passer l&rsquo;hiver + 1 massage \u00e0 chaque changement de saison<\/li>\n\n\n\n<li>etc<\/li>\n\n\n\n<li>R\u00e8glement en 1x, 4x, 12x sans frais<\/li>\n\n\n\n<li>Devis &amp; conseils sur simple demande<\/li>\n<\/ul>\n\n\n\n<figure class=\"wp-block-image aligncenter size-large is-resized\"><img data-recalc-dims=\"1\" loading=\"lazy\" decoding=\"async\" width=\"580\" height=\"725\" src=\"https:\/\/i0.wp.com\/massages-girard.fr\/wp-content\/uploads\/2024\/09\/Contactez-moi-819x1024.png?resize=580%2C725&#038;ssl=1\" alt=\"\" class=\"wp-image-796\" style=\"width:410px;height:auto\" srcset=\"https:\/\/i0.wp.com\/massages-girard.fr\/wp-content\/uploads\/2024\/09\/Contactez-moi.png?resize=819%2C1024&amp;ssl=1 819w, https:\/\/i0.wp.com\/massages-girard.fr\/wp-content\/uploads\/2024\/09\/Contactez-moi.png?resize=240%2C300&amp;ssl=1 240w, https:\/\/i0.wp.com\/massages-girard.fr\/wp-content\/uploads\/2024\/09\/Contactez-moi.png?resize=768%2C960&amp;ssl=1 768w, https:\/\/i0.wp.com\/massages-girard.fr\/wp-content\/uploads\/2024\/09\/Contactez-moi.png?resize=600%2C750&amp;ssl=1 600w, https:\/\/i0.wp.com\/massages-girard.fr\/wp-content\/uploads\/2024\/09\/Contactez-moi.png?w=1080&amp;ssl=1 1080w\" sizes=\"auto, (max-width: 580px) 100vw, 580px\" \/><\/figure>","protected":false},"excerpt":{"rendered":"<p>Les effets d&rsquo;un massage ne durent pas ind\u00e9finiment &#8230; Seule une pratique r\u00e9guli\u00e8re permet de maintenir les b\u00e9n\u00e9fices ! C&rsquo;est pourquoi je vous propose diff\u00e9rentes formules : Faites-vous plaisir et restez au top toute l&rsquo;ann\u00e9e, en plus de b\u00e9n\u00e9ficier d&rsquo;un tarif pr\u00e9f\u00e9rentiel ! Pack Soin du Dos La solution id\u00e9ale pour garder un dos en [&hellip;]<\/p>\n","protected":false},"author":1,"featured_media":0,"parent":706,"menu_order":0,"comment_status":"closed","ping_status":"closed","template":"","meta":{"_monsterinsights_skip_tracking":false,"_monsterinsights_sitenote_active":false,"_monsterinsights_sitenote_note":"","_monsterinsights_sitenote_category":0,"footnotes":""},"class_list":["post-769","page","type-page","status-publish","hentry"],"jetpack-related-posts":[],"jetpack_sharing_enabled":true,"_links":{"self":[{"href":"https:\/\/massages-girard.fr\/en\/wp-json\/wp\/v2\/pages\/769","targetHints":{"allow":["GET"]}}],"collection":[{"href":"https:\/\/massages-girard.fr\/en\/wp-json\/wp\/v2\/pages"}],"about":[{"href":"https:\/\/massages-girard.fr\/en\/wp-json\/wp\/v2\/types\/page"}],"author":[{"embeddable":true,"href":"https:\/\/massages-girard.fr\/en\/wp-json\/wp\/v2\/users\/1"}],"replies":[{"embeddable":true,"href":"https:\/\/massages-girard.fr\/en\/wp-json\/wp\/v2\/comments?post=769"}],"version-history":[{"count":19,"href":"https:\/\/massages-girard.fr\/en\/wp-json\/wp\/v2\/pages\/769\/revisions"}],"predecessor-version":[{"id":1061,"href":"https:\/\/massages-girard.fr\/en\/wp-json\/wp\/v2\/pages\/769\/revisions\/1061"}],"up":[{"embeddable":true,"href":"https:\/\/massages-girard.fr\/en\/wp-json\/wp\/v2\/pages\/706"}],"wp:attachment":[{"href":"https:\/\/massages-girard.fr\/en\/wp-json\/wp\/v2\/media?parent=769"}],"curies":[{"name":"wp","href":"https:\/\/api.w.org\/{rel}","templated":true}]}}