{"id":90,"date":"2021-12-10T07:03:07","date_gmt":"2021-12-10T06:03:07","guid":{"rendered":"https:\/\/massages-girard.fr\/?post_type=product&#038;p=90"},"modified":"2025-12-20T00:38:29","modified_gmt":"2025-12-19T23:38:29","slug":"rituel-pierres-chaudes","status":"publish","type":"product","link":"https:\/\/massages-girard.fr\/en\/product\/rituel-pierres-chaudes\/","title":{"rendered":"Rituel Pierres Chaudes 1h30"},"content":{"rendered":"<p><img data-recalc-dims=\"1\" loading=\"lazy\" decoding=\"async\" class=\"alignnone size-medium wp-image-912\" src=\"https:\/\/i0.wp.com\/massages-girard.fr\/wp-content\/uploads\/2021\/12\/aIMG20241107000226.jpg?resize=300%2C216\" alt=\"\" width=\"300\" height=\"216\" srcset=\"https:\/\/i0.wp.com\/massages-girard.fr\/wp-content\/uploads\/2021\/12\/aIMG20241107000226-scaled.jpg?resize=300%2C216&amp;ssl=1 300w, https:\/\/i0.wp.com\/massages-girard.fr\/wp-content\/uploads\/2021\/12\/aIMG20241107000226-scaled.jpg?resize=1024%2C739&amp;ssl=1 1024w, https:\/\/i0.wp.com\/massages-girard.fr\/wp-content\/uploads\/2021\/12\/aIMG20241107000226-scaled.jpg?resize=768%2C554&amp;ssl=1 768w, https:\/\/i0.wp.com\/massages-girard.fr\/wp-content\/uploads\/2021\/12\/aIMG20241107000226-scaled.jpg?resize=1536%2C1108&amp;ssl=1 1536w, https:\/\/i0.wp.com\/massages-girard.fr\/wp-content\/uploads\/2021\/12\/aIMG20241107000226-scaled.jpg?resize=2048%2C1477&amp;ssl=1 2048w, https:\/\/i0.wp.com\/massages-girard.fr\/wp-content\/uploads\/2021\/12\/aIMG20241107000226-scaled.jpg?resize=1200%2C866&amp;ssl=1 1200w, https:\/\/i0.wp.com\/massages-girard.fr\/wp-content\/uploads\/2021\/12\/aIMG20241107000226-scaled.jpg?resize=1980%2C1428&amp;ssl=1 1980w, https:\/\/i0.wp.com\/massages-girard.fr\/wp-content\/uploads\/2021\/12\/aIMG20241107000226-scaled.jpg?resize=600%2C433&amp;ssl=1 600w, https:\/\/i0.wp.com\/massages-girard.fr\/wp-content\/uploads\/2021\/12\/aIMG20241107000226-scaled.jpg?w=1740 1740w\" sizes=\"auto, (max-width: 300px) 100vw, 300px\" \/><img data-recalc-dims=\"1\" loading=\"lazy\" decoding=\"async\" class=\"alignnone size-medium wp-image-1102\" src=\"https:\/\/i0.wp.com\/massages-girard.fr\/wp-content\/uploads\/2025\/12\/04-_XT42780-2.jpg?resize=300%2C200\" alt=\"\" width=\"300\" height=\"200\" srcset=\"https:\/\/i0.wp.com\/massages-girard.fr\/wp-content\/uploads\/2025\/12\/04-_XT42780-2-scaled.jpg?resize=300%2C200&amp;ssl=1 300w, https:\/\/i0.wp.com\/massages-girard.fr\/wp-content\/uploads\/2025\/12\/04-_XT42780-2-scaled.jpg?resize=1024%2C683&amp;ssl=1 1024w, https:\/\/i0.wp.com\/massages-girard.fr\/wp-content\/uploads\/2025\/12\/04-_XT42780-2-scaled.jpg?resize=768%2C512&amp;ssl=1 768w, https:\/\/i0.wp.com\/massages-girard.fr\/wp-content\/uploads\/2025\/12\/04-_XT42780-2-scaled.jpg?resize=1536%2C1024&amp;ssl=1 1536w, https:\/\/i0.wp.com\/massages-girard.fr\/wp-content\/uploads\/2025\/12\/04-_XT42780-2-scaled.jpg?resize=2048%2C1365&amp;ssl=1 2048w, https:\/\/i0.wp.com\/massages-girard.fr\/wp-content\/uploads\/2025\/12\/04-_XT42780-2-scaled.jpg?resize=18%2C12&amp;ssl=1 18w, https:\/\/i0.wp.com\/massages-girard.fr\/wp-content\/uploads\/2025\/12\/04-_XT42780-2-scaled.jpg?resize=1200%2C800&amp;ssl=1 1200w, https:\/\/i0.wp.com\/massages-girard.fr\/wp-content\/uploads\/2025\/12\/04-_XT42780-2-scaled.jpg?resize=1980%2C1320&amp;ssl=1 1980w, https:\/\/i0.wp.com\/massages-girard.fr\/wp-content\/uploads\/2025\/12\/04-_XT42780-2-scaled.jpg?resize=600%2C400&amp;ssl=1 600w, https:\/\/i0.wp.com\/massages-girard.fr\/wp-content\/uploads\/2025\/12\/04-_XT42780-2-scaled.jpg?w=1740 1740w\" sizes=\"auto, (max-width: 300px) 100vw, 300px\" \/><\/p>\n<p>Les points forts :<br \/>\nDouceur et relaxation profonde<br \/>\nLa chaleur des pierres produit un effet incomparable<br \/>\nFavorise la circulation \u00e9nerg\u00e9tique<\/p>\n<p>N&rsquo;h\u00e9sitez pas \u00e0 me contacter directement pour toute question.<\/p>","protected":false},"excerpt":{"rendered":"<p>Le soin cocooning par excellence !<br \/>\nCertaines pierres sont pos\u00e9es, d&rsquo;autres glissent en pression sur le corps&#8230; L&rsquo;intense chaleur se diffuse et nous plonge dans une profonde relaxation qui n\u2019a pas d\u2019\u00e9quivalent dans les autres techniques.<\/p>\n<p>Dur\u00e9e : 1h30<\/p>\n<p>Afin de personnaliser la carte et d&rsquo;assurer le meilleur suivi, <strong>merci d&rsquo;indiquer dans le champ \u00ab\u00a0notes de commande\u00a0\u00bb<\/strong> :<br \/>\n&#8211; Destinataire<br \/>\n&#8211; Donateur(s)<br \/>\n&#8211; Un petit mot si vous le souhaitez (10 mots max)<\/p>","protected":false},"featured_media":907,"template":"","meta":{"_monsterinsights_skip_tracking":false,"_monsterinsights_sitenote_active":false,"_monsterinsights_sitenote_note":"","_monsterinsights_sitenote_category":0},"product_brand":[],"product_cat":[19],"product_tag":[],"class_list":{"0":"post-90","1":"product","2":"type-product","3":"status-publish","4":"has-post-thumbnail","6":"product_cat-cadeaux","8":"first","9":"instock","10":"shipping-taxable","11":"purchasable","12":"product-type-simple"},"jetpack-related-posts":[{"id":540,"url":"https:\/\/massages-girard.fr\/en\/product\/rituel-pierres-chaudes-2-heures\/","url_meta":{"origin":90,"position":0},"title":"Rituel Pierres Chaudes 2 heures","author":"admin7613","date":"26 October 2022","format":false,"excerpt":"Le Massage aux Pierres Chaudes est le soin cocooning par excellence. Certaines pierres sont pos\u00e9es, d'autres glissent sur le corps... L'intense chaleur se diffuse et nous plonge dans une profonde relaxation qui n\u2019a pas d\u2019\u00e9quivalent dans les autres techniques. Dur\u00e9e : 2 heures Afin de remplir la carte et d'assurer\u2026","rel":"","context":"Similar post","block_context":{"text":"Similar post","link":""},"img":{"alt_text":"","src":"https:\/\/i0.wp.com\/massages-girard.fr\/wp-content\/uploads\/2022\/10\/CarteCadeau-RPC-2h-1.png?fit=450%2C323&ssl=1&resize=350%2C200","width":350,"height":200},"classes":[]},{"id":83,"url":"https:\/\/massages-girard.fr\/en\/product\/bon-cadeau-45mn\/","url_meta":{"origin":90,"position":1},"title":"Carte Cadeau 1h30","author":"admin7613","date":"10 December 2021","format":false,"excerpt":"S\u00e9ance d'1h30 pour un travail bien d\u00e9taill\u00e9 ! Afin de remplir la carte et d'assurer le meilleur suivi, \u00a0merci d'indiquer dans le champ \"notes de commande\" : - Destinataire - Donateur(s) - Un petit mot si vous le souhaitez (10 mots max)","rel":"","context":"Similar post","block_context":{"text":"Similar post","link":""},"img":{"alt_text":"","src":"https:\/\/i0.wp.com\/massages-girard.fr\/wp-content\/uploads\/2021\/12\/CarteCadeau-1h30.png?fit=450%2C323&ssl=1&resize=350%2C200","width":350,"height":200},"classes":[]},{"id":968,"url":"https:\/\/massages-girard.fr\/en\/product\/carte-cadeau-20mn\/","url_meta":{"origin":90,"position":2},"title":"Carte Cadeau 20mn","author":"admin7613","date":"27 May 2025","format":false,"excerpt":"S\u00e9ance de d\u00e9couverte : 20mn de relaxation Afin de remplir la carte et d'assurer le meilleur suivi, merci d'indiquer dans le champ \"notes de commande\" : - Destinataire - Donateur(s) - Un petit mot si vous le souhaitez (10 mots max)","rel":"","context":"Similar post","block_context":{"text":"Similar post","link":""},"img":{"alt_text":"","src":"https:\/\/i0.wp.com\/massages-girard.fr\/wp-content\/uploads\/2025\/05\/CarteCadeau-20mn.png?fit=450%2C323&ssl=1&resize=350%2C200","width":350,"height":200},"classes":[]},{"id":81,"url":"https:\/\/massages-girard.fr\/en\/product\/bon-cadeau-30mn\/","url_meta":{"origin":90,"position":3},"title":"Carte Cadeau 30mn","author":"admin7613","date":"10 December 2021","format":false,"excerpt":"S\u00e9ance de d\u00e9couverte : 30mn de relaxation Afin de remplir la carte et d'assurer le meilleur suivi, \u00a0merci d'indiquer dans le champ \"notes de commande\" : - Destinataire - Donateur(s) - Un petit mot si vous le souhaitez (10 mots max)","rel":"","context":"Similar post","block_context":{"text":"Similar post","link":""},"img":{"alt_text":"","src":"https:\/\/i0.wp.com\/massages-girard.fr\/wp-content\/uploads\/2021\/12\/CarteCadeau-30mn.png?fit=450%2C323&ssl=1&resize=350%2C200","width":350,"height":200},"classes":[]},{"id":514,"url":"https:\/\/massages-girard.fr\/en\/product\/carte-cadeau-2-heures\/","url_meta":{"origin":90,"position":4},"title":"Carte Cadeau 2 heures","author":"admin7613","date":"6 October 2022","format":false,"excerpt":"S\u00e9ance de 2h, pour un travail minutieux des pieds \u00e0 la t\u00eate ! Afin de remplir la carte et d'assurer le meilleur suivi, \u00a0merci d'indiquer dans le champ \"notes de commande\" : - Destinataire - Donateur(s) - Un petit mot si vous le souhaitez (10 mots max)","rel":"","context":"Similar post","block_context":{"text":"Similar post","link":""},"img":{"alt_text":"","src":"https:\/\/i0.wp.com\/massages-girard.fr\/wp-content\/uploads\/2022\/10\/CarteCadeau-2h.png?fit=450%2C323&ssl=1&resize=350%2C200","width":350,"height":200},"classes":[]},{"id":87,"url":"https:\/\/massages-girard.fr\/en\/product\/bon-cadeau-1h10\/","url_meta":{"origin":90,"position":5},"title":"Carte Cadeau 1 heure","author":"admin7613","date":"10 December 2021","format":false,"excerpt":"S\u00e9ance compl\u00e8te d'1h pour une approche \u00e0 la fois globale et d\u00e9taill\u00e9e. Afin de remplir la carte et d'assurer le meilleur suivi, \u00a0merci d'indiquer dans le champ \"notes de commande\" : - Destinataire - Donateur(s) - Un petit mot si vous le souhaitez (10 mots max)","rel":"","context":"Similar post","block_context":{"text":"Similar post","link":""},"img":{"alt_text":"","src":"https:\/\/i0.wp.com\/massages-girard.fr\/wp-content\/uploads\/2021\/12\/CarteCadeau-1h.png?fit=450%2C323&ssl=1&resize=350%2C200","width":350,"height":200},"classes":[]}],"jetpack_sharing_enabled":true,"_links":{"self":[{"href":"https:\/\/massages-girard.fr\/en\/wp-json\/wp\/v2\/product\/90","targetHints":{"allow":["GET"]}}],"collection":[{"href":"https:\/\/massages-girard.fr\/en\/wp-json\/wp\/v2\/product"}],"about":[{"href":"https:\/\/massages-girard.fr\/en\/wp-json\/wp\/v2\/types\/product"}],"wp:featuredmedia":[{"embeddable":true,"href":"https:\/\/massages-girard.fr\/en\/wp-json\/wp\/v2\/media\/907"}],"wp:attachment":[{"href":"https:\/\/massages-girard.fr\/en\/wp-json\/wp\/v2\/media?parent=90"}],"wp:term":[{"taxonomy":"product_brand","embeddable":true,"href":"https:\/\/massages-girard.fr\/en\/wp-json\/wp\/v2\/product_brand?post=90"},{"taxonomy":"product_cat","embeddable":true,"href":"https:\/\/massages-girard.fr\/en\/wp-json\/wp\/v2\/product_cat?post=90"},{"taxonomy":"product_tag","embeddable":true,"href":"https:\/\/massages-girard.fr\/en\/wp-json\/wp\/v2\/product_tag?post=90"}],"curies":[{"name":"wp","href":"https:\/\/api.w.org\/{rel}","templated":true}]}}