{"id":946,"date":"2024-12-18T16:27:18","date_gmt":"2024-12-18T15:27:18","guid":{"rendered":"https:\/\/massages-girard.fr\/?post_type=product&#038;p=946"},"modified":"2026-03-31T08:52:00","modified_gmt":"2026-03-31T06:52:00","slug":"carte-cadeau-duo-ou-4-mains-1h","status":"publish","type":"product","link":"https:\/\/massages-girard.fr\/en\/product\/carte-cadeau-duo-ou-4-mains-1h\/","title":{"rendered":"Carte Cadeau Duo ou 4 Mains 1h"},"content":{"rendered":"<p><img data-recalc-dims=\"1\" loading=\"lazy\" decoding=\"async\" class=\"alignnone size-medium wp-image-912\" src=\"https:\/\/i0.wp.com\/massages-girard.fr\/wp-content\/uploads\/2021\/12\/aIMG20241107000226.jpg?resize=300%2C216\" alt=\"\" width=\"300\" height=\"216\" srcset=\"https:\/\/i0.wp.com\/massages-girard.fr\/wp-content\/uploads\/2021\/12\/aIMG20241107000226-scaled.jpg?resize=300%2C216&amp;ssl=1 300w, https:\/\/i0.wp.com\/massages-girard.fr\/wp-content\/uploads\/2021\/12\/aIMG20241107000226-scaled.jpg?resize=1024%2C739&amp;ssl=1 1024w, https:\/\/i0.wp.com\/massages-girard.fr\/wp-content\/uploads\/2021\/12\/aIMG20241107000226-scaled.jpg?resize=768%2C554&amp;ssl=1 768w, https:\/\/i0.wp.com\/massages-girard.fr\/wp-content\/uploads\/2021\/12\/aIMG20241107000226-scaled.jpg?resize=1536%2C1108&amp;ssl=1 1536w, https:\/\/i0.wp.com\/massages-girard.fr\/wp-content\/uploads\/2021\/12\/aIMG20241107000226-scaled.jpg?resize=2048%2C1477&amp;ssl=1 2048w, https:\/\/i0.wp.com\/massages-girard.fr\/wp-content\/uploads\/2021\/12\/aIMG20241107000226-scaled.jpg?resize=1200%2C866&amp;ssl=1 1200w, https:\/\/i0.wp.com\/massages-girard.fr\/wp-content\/uploads\/2021\/12\/aIMG20241107000226-scaled.jpg?resize=1980%2C1428&amp;ssl=1 1980w, https:\/\/i0.wp.com\/massages-girard.fr\/wp-content\/uploads\/2021\/12\/aIMG20241107000226-scaled.jpg?resize=600%2C433&amp;ssl=1 600w, https:\/\/i0.wp.com\/massages-girard.fr\/wp-content\/uploads\/2021\/12\/aIMG20241107000226-scaled.jpg?w=1740 1740w\" sizes=\"auto, (max-width: 300px) 100vw, 300px\" \/>La prise de rendez-vous est l&rsquo;occasion d&rsquo;identifier les besoins, d\u00e9finir le type de s\u00e9ance et prendre en compte d&rsquo;\u00e9ventuelles contre-indications.<\/p>\n<p>N&rsquo;h\u00e9sitez pas \u00e0 me contacter directement pour toute question.<\/p>","protected":false},"excerpt":{"rendered":"<p><strong>Ce produit n&rsquo;est pas disponible sur la boutique en ligne : me contacter directement.<\/strong><\/p>\n<p>Le tarif est de 155\u20ac<\/p>","protected":false},"featured_media":947,"template":"","meta":{"_monsterinsights_skip_tracking":false,"_monsterinsights_sitenote_active":false,"_monsterinsights_sitenote_note":"","_monsterinsights_sitenote_category":0},"product_brand":[],"product_cat":[19],"product_tag":[],"class_list":{"0":"post-946","1":"product","2":"type-product","3":"status-publish","4":"has-post-thumbnail","6":"product_cat-cadeaux","8":"first","9":"outofstock","10":"shipping-taxable","11":"product-type-simple"},"jetpack-related-posts":[{"id":968,"url":"https:\/\/massages-girard.fr\/en\/product\/carte-cadeau-20mn\/","url_meta":{"origin":946,"position":0},"title":"Carte Cadeau 20mn","author":"admin7613","date":"27 May 2025","format":false,"excerpt":"S\u00e9ance de d\u00e9couverte : 20mn de relaxation Afin de remplir la carte et d'assurer le meilleur suivi, merci d'indiquer dans le champ \"notes de commande\" : - Destinataire - Donateur(s) - Un petit mot si vous le souhaitez (10 mots max)","rel":"","context":"Similar post","block_context":{"text":"Similar post","link":""},"img":{"alt_text":"","src":"https:\/\/i0.wp.com\/massages-girard.fr\/wp-content\/uploads\/2025\/05\/CarteCadeau-20mn.png?fit=450%2C323&ssl=1&resize=350%2C200","width":350,"height":200},"classes":[]},{"id":81,"url":"https:\/\/massages-girard.fr\/en\/product\/bon-cadeau-30mn\/","url_meta":{"origin":946,"position":1},"title":"Carte Cadeau 30mn","author":"admin7613","date":"10 December 2021","format":false,"excerpt":"S\u00e9ance de d\u00e9couverte : 30mn de relaxation Afin de remplir la carte et d'assurer le meilleur suivi, \u00a0merci d'indiquer dans le champ \"notes de commande\" : - Destinataire - Donateur(s) - Un petit mot si vous le souhaitez (10 mots max)","rel":"","context":"Similar post","block_context":{"text":"Similar post","link":""},"img":{"alt_text":"","src":"https:\/\/i0.wp.com\/massages-girard.fr\/wp-content\/uploads\/2021\/12\/CarteCadeau-30mn.png?fit=450%2C323&ssl=1&resize=350%2C200","width":350,"height":200},"classes":[]},{"id":914,"url":"https:\/\/massages-girard.fr\/en\/product\/soins-du-dos\/","url_meta":{"origin":946,"position":2},"title":"Soins du Dos","author":"admin7613","date":"7 November 2024","format":false,"excerpt":"4 s\u00e9ances de 30mn Afin de remplir la carte et d'assurer le meilleur suivi, \u00a0merci d'indiquer dans le champ \"notes de commande\" : - Destinataire - Donateur(s) - Un petit mot si vous le souhaitez (10 mots max)","rel":"","context":"Similar post","block_context":{"text":"Similar post","link":""},"img":{"alt_text":"","src":"https:\/\/i0.wp.com\/massages-girard.fr\/wp-content\/uploads\/2024\/11\/Carte-Cadeau-Soins-du-DOS-1.png?fit=450%2C323&ssl=1&resize=350%2C200","width":350,"height":200},"classes":[]},{"id":83,"url":"https:\/\/massages-girard.fr\/en\/product\/bon-cadeau-45mn\/","url_meta":{"origin":946,"position":3},"title":"Carte Cadeau 1h30","author":"admin7613","date":"10 December 2021","format":false,"excerpt":"S\u00e9ance d'1h30 pour un travail bien d\u00e9taill\u00e9 ! Afin de remplir la carte et d'assurer le meilleur suivi, \u00a0merci d'indiquer dans le champ \"notes de commande\" : - Destinataire - Donateur(s) - Un petit mot si vous le souhaitez (10 mots max)","rel":"","context":"Similar post","block_context":{"text":"Similar post","link":""},"img":{"alt_text":"","src":"https:\/\/i0.wp.com\/massages-girard.fr\/wp-content\/uploads\/2021\/12\/CarteCadeau-1h30.png?fit=450%2C323&ssl=1&resize=350%2C200","width":350,"height":200},"classes":[]},{"id":514,"url":"https:\/\/massages-girard.fr\/en\/product\/carte-cadeau-2-heures\/","url_meta":{"origin":946,"position":4},"title":"Carte Cadeau 2 heures","author":"admin7613","date":"6 October 2022","format":false,"excerpt":"S\u00e9ance de 2h, pour un travail minutieux des pieds \u00e0 la t\u00eate ! Afin de remplir la carte et d'assurer le meilleur suivi, \u00a0merci d'indiquer dans le champ \"notes de commande\" : - Destinataire - Donateur(s) - Un petit mot si vous le souhaitez (10 mots max)","rel":"","context":"Similar post","block_context":{"text":"Similar post","link":""},"img":{"alt_text":"","src":"https:\/\/i0.wp.com\/massages-girard.fr\/wp-content\/uploads\/2022\/10\/CarteCadeau-2h.png?fit=450%2C323&ssl=1&resize=350%2C200","width":350,"height":200},"classes":[]},{"id":87,"url":"https:\/\/massages-girard.fr\/en\/product\/bon-cadeau-1h10\/","url_meta":{"origin":946,"position":5},"title":"Carte Cadeau 1 heure","author":"admin7613","date":"10 December 2021","format":false,"excerpt":"S\u00e9ance compl\u00e8te d'1h pour une approche \u00e0 la fois globale et d\u00e9taill\u00e9e. Afin de remplir la carte et d'assurer le meilleur suivi, \u00a0merci d'indiquer dans le champ \"notes de commande\" : - Destinataire - Donateur(s) - Un petit mot si vous le souhaitez (10 mots max)","rel":"","context":"Similar post","block_context":{"text":"Similar post","link":""},"img":{"alt_text":"","src":"https:\/\/i0.wp.com\/massages-girard.fr\/wp-content\/uploads\/2021\/12\/CarteCadeau-1h.png?fit=450%2C323&ssl=1&resize=350%2C200","width":350,"height":200},"classes":[]}],"jetpack_sharing_enabled":true,"_links":{"self":[{"href":"https:\/\/massages-girard.fr\/en\/wp-json\/wp\/v2\/product\/946","targetHints":{"allow":["GET"]}}],"collection":[{"href":"https:\/\/massages-girard.fr\/en\/wp-json\/wp\/v2\/product"}],"about":[{"href":"https:\/\/massages-girard.fr\/en\/wp-json\/wp\/v2\/types\/product"}],"wp:featuredmedia":[{"embeddable":true,"href":"https:\/\/massages-girard.fr\/en\/wp-json\/wp\/v2\/media\/947"}],"wp:attachment":[{"href":"https:\/\/massages-girard.fr\/en\/wp-json\/wp\/v2\/media?parent=946"}],"wp:term":[{"taxonomy":"product_brand","embeddable":true,"href":"https:\/\/massages-girard.fr\/en\/wp-json\/wp\/v2\/product_brand?post=946"},{"taxonomy":"product_cat","embeddable":true,"href":"https:\/\/massages-girard.fr\/en\/wp-json\/wp\/v2\/product_cat?post=946"},{"taxonomy":"product_tag","embeddable":true,"href":"https:\/\/massages-girard.fr\/en\/wp-json\/wp\/v2\/product_tag?post=946"}],"curies":[{"name":"wp","href":"https:\/\/api.w.org\/{rel}","templated":true}]}}